{"id":236305,"date":"2024-09-18T20:59:18","date_gmt":"2024-09-18T20:59:18","guid":{"rendered":"https:\/\/www.rctvinternational.com\/?post_type=product&#038;p=236305"},"modified":"2024-09-18T20:59:39","modified_gmt":"2024-09-18T20:59:39","slug":"la-separacion","status":"publish","type":"product","link":"http:\/\/3.144.191.25\/en\/product\/la-separacion\/","title":{"rendered":"La Separaci\u00f3n"},"content":{"rendered":"<div style=\"width: 100%; min-height: 1px;\" id=\"vimeo-wc-video-6a023ebbb1761\" data-js=\"vimeo-wc-video\" data-atts=\"{&quot;autopause&quot;:&quot;true&quot;,&quot;autoplay&quot;:false,&quot;background&quot;:false,&quot;byline&quot;:&quot;true&quot;,&quot;color&quot;:&quot;none&quot;,&quot;controls&quot;:&quot;true&quot;,&quot;dnt&quot;:&quot;true&quot;,&quot;height&quot;:&quot;none&quot;,&quot;id&quot;:false,&quot;loop&quot;:false,&quot;maxheight&quot;:&quot;none&quot;,&quot;maxwidth&quot;:&quot;none&quot;,&quot;muted&quot;:false,&quot;pip&quot;:false,&quot;playsinline&quot;:&quot;true&quot;,&quot;portrait&quot;:&quot;true&quot;,&quot;quality&quot;:&quot;auto&quot;,&quot;responsive&quot;:&quot;true&quot;,&quot;speed&quot;:false,&quot;texttrack&quot;:&quot;none&quot;,&quot;title&quot;:&quot;true&quot;,&quot;transparent&quot;:true,&quot;url&quot;:&quot;https:\\\/\\\/vimeo.com\\\/968289191&quot;,&quot;width&quot;:&quot;none&quot;}\"><\/div>","protected":false},"excerpt":{"rendered":"<p style=\"text-align: justify;\"><img decoding=\"async\" loading=\"lazy\" class=\"alignnone size-medium wp-image-236610\" src=\"https:\/\/www.rctvinternational.com\/wp-content\/uploads\/2024\/09\/La-Separacion-Claquetas-2024-267x300.png\" alt=\"\" width=\"267\" height=\"300\" \/><\/p>\n<p style=\"text-align: justify;\"><img decoding=\"async\" loading=\"lazy\" class=\"alignnone size-full wp-image-232350\" src=\"https:\/\/www.rctvinternational.com\/wp-content\/uploads\/2020\/10\/Sinopsis.png\" alt=\"\" width=\"125\" height=\"57\" \/><\/p>\n<p style=\"text-align: justify;\" data-sourcepos=\"24:1-24:377\">La vida de Mariangela y Rafael, un matrimonio de m\u00e1s de ocho a\u00f1os, se encuentra en una encrucijada. Despu\u00e9s de innumerables intentos fallidos por quedar embarazada, Mariangela consigue lo que tanto anhelaba, pero a trav\u00e9s de un enga\u00f1o que sacude los cimientos de su matrimonio. Desesperada por tener un hijo, enga\u00f1a a su marido con Mariano, uno de los mejores amigos de Rafael.<\/p>\n<p style=\"text-align: justify;\" data-sourcepos=\"26:1-26:433\">La frustraci\u00f3n de Rafael se convierte en ira cuando descubre la verdad, desencadenando una espiral de reproches y dolor. Mariangela, aunque feliz por el beb\u00e9, se ve sumida en un profundo sentimiento de culpa y arrepentimiento, cuestionando las decisiones que la llevaron a este punto. Mariano, atra\u00eddo por Mariangela y conmovido por su sufrimiento, se siente justificado en su traici\u00f3n, pero la culpa comienza a corroerlo por dentro.<\/p>\n<p style=\"text-align: justify;\" data-sourcepos=\"28:1-28:292\">La noticia del embarazo se convierte en una bomba que hace a\u00f1icos la confianza y el amor que alguna vez unieron a la pareja. Los tres se encuentran atrapados en una red de mentiras y emociones encontradas, enfrentando las consecuencias de sus acciones y cuestionando el futuro de su relaci\u00f3n.<\/p>\n<p style=\"text-align: justify;\" data-sourcepos=\"30:1-31:674\"><img decoding=\"async\" loading=\"lazy\" class=\"alignnone size-full wp-image-231431\" src=\"https:\/\/www.rctvinternational.com\/wp-content\/uploads\/2020\/04\/deberias-saber-que.jpg\" alt=\"\" width=\"265\" height=\"39\" \/><\/p>\n<p style=\"text-align: justify;\" data-sourcepos=\"30:1-31:674\"><strong>Dora Mazzone<\/strong>, quien interpreta a Mariangela en \u00abLa separaci\u00f3n\u00bb, es una actriz vers\u00e1til y talentosa, muy querida por el p\u00fablico venezolano. A lo largo de su carrera, ha destacado en numerosas producciones, incluyendo las populares telenovelas <strong>\u00abPiel salvaje\u00bb <\/strong>y<strong> \u00abEstramb\u00f3tica Anastasia\u00bb<\/strong>. Su habilidad para dar vida a personajes complejos y emotivos la ha consolidado como una figura respetada y admirada en la industria del entretenimiento. Su interpretaci\u00f3n en <strong>\u00abLa separaci\u00f3n\u00bb<\/strong> es una muestra m\u00e1s de su talento y versatilidad, ya que logra transmitir toda la gama de emociones que atraviesa su personaje: desde la desesperaci\u00f3n y la alegr\u00eda hasta la culpa y el arrepentimiento.<\/p>","protected":false},"featured_media":236364,"template":"","meta":{"_et_pb_use_builder":"","_et_pb_old_content":"","_et_gb_content_width":""},"product_cat":[24],"product_tag":[1213,1205,1013,1307,1231,1204,1269,1238],"acf":[],"_links":{"self":[{"href":"http:\/\/3.144.191.25\/en\/wp-json\/wp\/v2\/product\/236305"}],"collection":[{"href":"http:\/\/3.144.191.25\/en\/wp-json\/wp\/v2\/product"}],"about":[{"href":"http:\/\/3.144.191.25\/en\/wp-json\/wp\/v2\/types\/product"}],"wp:featuredmedia":[{"embeddable":true,"href":"http:\/\/3.144.191.25\/en\/wp-json\/wp\/v2\/media\/236364"}],"wp:attachment":[{"href":"http:\/\/3.144.191.25\/en\/wp-json\/wp\/v2\/media?parent=236305"}],"wp:term":[{"taxonomy":"product_cat","embeddable":true,"href":"http:\/\/3.144.191.25\/en\/wp-json\/wp\/v2\/product_cat?post=236305"},{"taxonomy":"product_tag","embeddable":true,"href":"http:\/\/3.144.191.25\/en\/wp-json\/wp\/v2\/product_tag?post=236305"}],"curies":[{"name":"wp","href":"https:\/\/api.w.org\/{rel}","templated":true}]}}