{"id":236307,"date":"2024-09-15T23:44:43","date_gmt":"2024-09-15T23:44:43","guid":{"rendered":"https:\/\/www.rctvinternational.com\/?post_type=product&#038;p=236307"},"modified":"2024-09-18T20:18:54","modified_gmt":"2024-09-18T20:18:54","slug":"el-angel","status":"publish","type":"product","link":"http:\/\/3.144.191.25\/en\/product\/el-angel\/","title":{"rendered":"El \u00c1ngel"},"content":{"rendered":"<div style=\"width: 100%; min-height: 1px;\" id=\"vimeo-wc-video-6a021536e72bf\" data-js=\"vimeo-wc-video\" data-atts=\"{&quot;autopause&quot;:&quot;true&quot;,&quot;autoplay&quot;:false,&quot;background&quot;:false,&quot;byline&quot;:&quot;true&quot;,&quot;color&quot;:&quot;none&quot;,&quot;controls&quot;:&quot;true&quot;,&quot;dnt&quot;:&quot;true&quot;,&quot;height&quot;:&quot;none&quot;,&quot;id&quot;:false,&quot;loop&quot;:false,&quot;maxheight&quot;:&quot;none&quot;,&quot;maxwidth&quot;:&quot;none&quot;,&quot;muted&quot;:false,&quot;pip&quot;:false,&quot;playsinline&quot;:&quot;true&quot;,&quot;portrait&quot;:&quot;true&quot;,&quot;quality&quot;:&quot;auto&quot;,&quot;responsive&quot;:&quot;true&quot;,&quot;speed&quot;:false,&quot;texttrack&quot;:&quot;none&quot;,&quot;title&quot;:&quot;true&quot;,&quot;transparent&quot;:true,&quot;url&quot;:&quot;https:\\\/\\\/vimeo.com\\\/968232612&quot;,&quot;width&quot;:&quot;none&quot;}\"><\/div>","protected":false},"excerpt":{"rendered":"<p><img decoding=\"async\" loading=\"lazy\" class=\"alignnone size-medium wp-image-236593\" src=\"https:\/\/www.rctvinternational.com\/wp-content\/uploads\/2024\/09\/El-Angel-Claquetas-2024-267x300.png\" alt=\"\" width=\"267\" height=\"300\" \/><\/p>\n<p><img decoding=\"async\" loading=\"lazy\" class=\"alignnone size-full wp-image-232350\" src=\"https:\/\/www.rctvinternational.com\/wp-content\/uploads\/2020\/10\/Sinopsis.png\" alt=\"\" width=\"125\" height=\"57\" \/><\/p>\n<p style=\"text-align: justify;\" data-sourcepos=\"5:1-5:359\">La doctora Sof\u00eda Di\u00e9guez <strong>(Dalila Colombo)<\/strong>, una brillante neur\u00f3loga, se enfrenta a un enigma que desaf\u00eda los l\u00edmites de la ciencia. Una joven paciente yace en coma, pero su cuerpo no presenta ninguna anomal\u00eda. A medida que Sof\u00eda se adentra en este misterio, una serie de muertes violentas y inexplicables sacuden el hospital, creando una atm\u00f3sfera de terror y desconcierto.<\/p>\n<p style=\"text-align: justify;\" data-sourcepos=\"7:1-7:323\">La paciente, inicialmente inerte, comienza a mostrar signos inquietantes: habla en lenguas desconocidas y pronuncia profec\u00edas que se cumplen de manera escalofriante. A medida que la situaci\u00f3n se intensifica, el personal m\u00e9dico y religioso se ven impotentes ante fuerzas oscuras que parecen estar actuando desde las sombras.<\/p>\n<p style=\"text-align: justify;\" data-sourcepos=\"9:1-9:302\">Los miembros del hospital atrapados en una pesadilla donde la raz\u00f3n no tiene cabida, deben enfrentarse a sus propios miedos y descubrir la verdad detr\u00e1s de estos eventos sobrenaturales. \u00bfSer\u00e1n\u00a0 capaces de salvar a sus pacientes y a\u00a0 la fuerza mal\u00e9vola que parece estar empe\u00f1ada en destruir todo a su paso?<\/p>\n<p style=\"text-align: justify;\"><img decoding=\"async\" loading=\"lazy\" class=\"alignnone size-full wp-image-231431\" src=\"https:\/\/www.rctvinternational.com\/wp-content\/uploads\/2020\/04\/deberias-saber-que.jpg\" alt=\"\" width=\"265\" height=\"39\" \/><\/p>\n<div class=\"flex flex-grow flex-col max-w-full\">\n<div class=\"min-h-[20px] text-message flex w-full flex-col items-end gap-2 whitespace-pre-wrap break-words [.text-message+&amp;]:mt-5 overflow-x-auto\" dir=\"auto\" data-message-author-role=\"assistant\" data-message-id=\"db2f9013-6739-46bd-9964-3db1f9daaffb\">\n<div class=\"flex w-full flex-col gap-1 empty:hidden first:pt-[3px]\">\n<div class=\"markdown prose w-full break-words dark:prose-invert dark\">\n<p style=\"text-align: justify;\"><strong>Dalila Colombo<\/strong>, la legendaria actriz venezolana, interpreta a la doctora Sof\u00eda Di\u00e9guez en<strong> &#8216;El \u00c1ngel&#8217;<\/strong>. Conocida por su voz cautivadora y su talento interpretativo, Colombo ha dejado una huella imborrable en la televisi\u00f3n venezolana. Su papel en \u00abEl \u00c1ngel\u00bb demuestra una vez m\u00e1s su versatilidad, al encarnar a una mujer de ciencia que se enfrenta a lo inexplicable.<\/p>\n<\/div>\n<\/div>\n<\/div>\n<\/div>","protected":false},"featured_media":236594,"template":"","meta":{"_et_pb_use_builder":"","_et_pb_old_content":"","_et_gb_content_width":""},"product_cat":[24],"product_tag":[1222,1312,1313,1308,1309,1311,1310,388,1396],"acf":[],"_links":{"self":[{"href":"http:\/\/3.144.191.25\/en\/wp-json\/wp\/v2\/product\/236307"}],"collection":[{"href":"http:\/\/3.144.191.25\/en\/wp-json\/wp\/v2\/product"}],"about":[{"href":"http:\/\/3.144.191.25\/en\/wp-json\/wp\/v2\/types\/product"}],"wp:featuredmedia":[{"embeddable":true,"href":"http:\/\/3.144.191.25\/en\/wp-json\/wp\/v2\/media\/236594"}],"wp:attachment":[{"href":"http:\/\/3.144.191.25\/en\/wp-json\/wp\/v2\/media?parent=236307"}],"wp:term":[{"taxonomy":"product_cat","embeddable":true,"href":"http:\/\/3.144.191.25\/en\/wp-json\/wp\/v2\/product_cat?post=236307"},{"taxonomy":"product_tag","embeddable":true,"href":"http:\/\/3.144.191.25\/en\/wp-json\/wp\/v2\/product_tag?post=236307"}],"curies":[{"name":"wp","href":"https:\/\/api.w.org\/{rel}","templated":true}]}}