{"id":236308,"date":"2024-09-15T23:52:09","date_gmt":"2024-09-15T23:52:09","guid":{"rendered":"https:\/\/www.rctvinternational.com\/?post_type=product&#038;p=236308"},"modified":"2024-09-18T20:18:35","modified_gmt":"2024-09-18T20:18:35","slug":"el-angel-limpiabotas","status":"publish","type":"product","link":"http:\/\/3.144.191.25\/en\/product\/el-angel-limpiabotas\/","title":{"rendered":"El \u00c1ngel Limpiabotas"},"content":{"rendered":"<div style=\"width: 100%; min-height: 1px;\" id=\"vimeo-wc-video-6a0215cbde613\" data-js=\"vimeo-wc-video\" data-atts=\"{&quot;autopause&quot;:&quot;true&quot;,&quot;autoplay&quot;:false,&quot;background&quot;:false,&quot;byline&quot;:&quot;true&quot;,&quot;color&quot;:&quot;none&quot;,&quot;controls&quot;:&quot;true&quot;,&quot;dnt&quot;:&quot;true&quot;,&quot;height&quot;:&quot;none&quot;,&quot;id&quot;:false,&quot;loop&quot;:false,&quot;maxheight&quot;:&quot;none&quot;,&quot;maxwidth&quot;:&quot;none&quot;,&quot;muted&quot;:false,&quot;pip&quot;:false,&quot;playsinline&quot;:&quot;true&quot;,&quot;portrait&quot;:&quot;true&quot;,&quot;quality&quot;:&quot;auto&quot;,&quot;responsive&quot;:&quot;true&quot;,&quot;speed&quot;:false,&quot;texttrack&quot;:&quot;none&quot;,&quot;title&quot;:&quot;true&quot;,&quot;transparent&quot;:true,&quot;url&quot;:&quot;https:\\\/\\\/vimeo.com\\\/968235616&quot;,&quot;width&quot;:&quot;none&quot;}\"><\/div>","protected":false},"excerpt":{"rendered":"<p><img decoding=\"async\" loading=\"lazy\" class=\"alignnone size-medium wp-image-236595\" src=\"https:\/\/www.rctvinternational.com\/wp-content\/uploads\/2024\/09\/El-Angel-Limpiabotas-Claquetass-2024-267x300.png\" alt=\"\" width=\"267\" height=\"300\" \/><\/p>\n<p style=\"text-align: justify;\"><img decoding=\"async\" loading=\"lazy\" class=\"alignnone size-full wp-image-232350\" src=\"https:\/\/www.rctvinternational.com\/wp-content\/uploads\/2020\/10\/Sinopsis.png\" alt=\"\" width=\"125\" height=\"57\" \/><\/p>\n<p style=\"text-align: justify;\">Chepino (<strong>Servando Primera<\/strong>), un peque\u00f1o limpiabotas lleno de vida, es arrebatado cruelmente a la Tierra en un acto de violencia. Sin embargo, el destino le depara una segunda oportunidad: convertido en un angelito, regresa a la Tierra con una misi\u00f3n especial. Su tarea es ayudar a una pareja desconsolada a superar la p\u00e9rdida de su \u00fanico hijo y a reencontrar el amor que los uni\u00f3.<\/p>\n<p style=\"text-align: justify;\" data-sourcepos=\"7:1-7:282\">Con su inocencia y sabidur\u00eda angelical, Chepino se mueve entre los humanos, utilizando su ingenio para intervenir en la vida de la pareja. A trav\u00e9s de peque\u00f1as acciones y gestos de bondad, el angelito intenta sanar las heridas emocionales y restaurar la confianza entre los esposos.<\/p>\n<p style=\"text-align: justify;\" data-sourcepos=\"9:1-9:254\">El tiempo apremia, pues Chepino solo tiene hasta la medianoche para cumplir su misi\u00f3n. En una carrera contra el reloj, el angelito se enfrenta a numerosos desaf\u00edos y obst\u00e1culos, pero su determinaci\u00f3n y su amor incondicional lo impulsan a seguir adelante.<\/p>\n<p style=\"text-align: justify;\"><strong><img decoding=\"async\" loading=\"lazy\" class=\"alignnone size-full wp-image-231431\" src=\"https:\/\/www.rctvinternational.com\/wp-content\/uploads\/2020\/04\/deberias-saber-que.jpg\" alt=\"\" width=\"265\" height=\"39\" \/><\/strong><\/p>\n<p style=\"text-align: justify;\">Servando Primera, quien interpreta a Chepino en <strong>\u00abEl \u00e1ngel limpiabotas\u00bb<\/strong>, es ampliamente reconocido por su talento y versatilidad en el \u00e1mbito art\u00edstico. Su actuaci\u00f3n en esta producci\u00f3n no solo destaca por su capacidad para encarnar a un angelito con encanto y astucia, sino tambi\u00e9n por su habilidad para transmitir emociones profundas y conmovedoras.<\/p>","protected":false},"featured_media":236599,"template":"","meta":{"_et_pb_use_builder":"","_et_pb_old_content":"","_et_gb_content_width":""},"product_cat":[24],"product_tag":[1316,727,1264,1214,388,1315,385,1314],"acf":[],"_links":{"self":[{"href":"http:\/\/3.144.191.25\/en\/wp-json\/wp\/v2\/product\/236308"}],"collection":[{"href":"http:\/\/3.144.191.25\/en\/wp-json\/wp\/v2\/product"}],"about":[{"href":"http:\/\/3.144.191.25\/en\/wp-json\/wp\/v2\/types\/product"}],"wp:featuredmedia":[{"embeddable":true,"href":"http:\/\/3.144.191.25\/en\/wp-json\/wp\/v2\/media\/236599"}],"wp:attachment":[{"href":"http:\/\/3.144.191.25\/en\/wp-json\/wp\/v2\/media?parent=236308"}],"wp:term":[{"taxonomy":"product_cat","embeddable":true,"href":"http:\/\/3.144.191.25\/en\/wp-json\/wp\/v2\/product_cat?post=236308"},{"taxonomy":"product_tag","embeddable":true,"href":"http:\/\/3.144.191.25\/en\/wp-json\/wp\/v2\/product_tag?post=236308"}],"curies":[{"name":"wp","href":"https:\/\/api.w.org\/{rel}","templated":true}]}}