{"id":236309,"date":"2024-09-18T20:30:53","date_gmt":"2024-09-18T20:30:53","guid":{"rendered":"https:\/\/www.rctvinternational.com\/?post_type=product&#038;p=236309"},"modified":"2024-09-18T20:30:54","modified_gmt":"2024-09-18T20:30:54","slug":"el-misterio-de-adonis","status":"publish","type":"product","link":"http:\/\/3.144.191.25\/en\/product\/el-misterio-de-adonis\/","title":{"rendered":"El Misterio de Adonis"},"content":{"rendered":"<div style=\"width: 100%; min-height: 1px;\" id=\"vimeo-wc-video-6a02299bcd9b9\" data-js=\"vimeo-wc-video\" data-atts=\"{&quot;autopause&quot;:&quot;true&quot;,&quot;autoplay&quot;:false,&quot;background&quot;:false,&quot;byline&quot;:&quot;true&quot;,&quot;color&quot;:&quot;none&quot;,&quot;controls&quot;:&quot;true&quot;,&quot;dnt&quot;:&quot;true&quot;,&quot;height&quot;:&quot;none&quot;,&quot;id&quot;:false,&quot;loop&quot;:false,&quot;maxheight&quot;:&quot;none&quot;,&quot;maxwidth&quot;:&quot;none&quot;,&quot;muted&quot;:false,&quot;pip&quot;:false,&quot;playsinline&quot;:&quot;true&quot;,&quot;portrait&quot;:&quot;true&quot;,&quot;quality&quot;:&quot;auto&quot;,&quot;responsive&quot;:&quot;true&quot;,&quot;speed&quot;:false,&quot;texttrack&quot;:&quot;none&quot;,&quot;title&quot;:&quot;true&quot;,&quot;transparent&quot;:true,&quot;url&quot;:&quot;https:\\\/\\\/vimeo.com\\\/968250358&quot;,&quot;width&quot;:&quot;none&quot;}\"><\/div>","protected":false},"excerpt":{"rendered":"<p><img decoding=\"async\" loading=\"lazy\" class=\"alignnone size-medium wp-image-236420\" src=\"https:\/\/www.rctvinternational.com\/wp-content\/uploads\/2024\/08\/El-Misterio-de-Adonis-Claquetas-2024-267x300.png\" alt=\"\" width=\"267\" height=\"300\" \/><\/p>\n<p><img decoding=\"async\" loading=\"lazy\" class=\"alignnone size-full wp-image-232350\" src=\"https:\/\/www.rctvinternational.com\/wp-content\/uploads\/2020\/10\/Sinopsis.png\" alt=\"\" width=\"125\" height=\"57\" \/><\/p>\n<p>Adonis, un prestigioso financista,\u00a0 ve su vida convertirse en una pesadilla. Inexplicablemente, Adonis est\u00e1 envuelto en una compleja trama de identidades falsas y oscuros secretos que implican terribles cr\u00edmenes.<\/p>\n<p>\u00bfEs \u00e9l culpable de un robo millonario y un misterioso asesinato? A medida que desentra\u00f1a una compleja red de mentiras y secretos, Adonis se enfrenta a su propio juicio: \u00bfes un hombre inocente atrapado en una pesadilla o un criminal buscando redenci\u00f3n?<\/p>\n<p>Descubra esta intrigante historia de suspenso psicol\u00f3gico, donde la realidad se desdibuja y nada es lo que parece.<\/p>\n<p><img decoding=\"async\" loading=\"lazy\" class=\"alignnone size-full wp-image-231431\" src=\"https:\/\/www.rctvinternational.com\/wp-content\/uploads\/2020\/04\/deberias-saber-que.jpg\" alt=\"\" width=\"265\" height=\"39\" \/><\/p>\n<p><b><strong>Carlos C\u00e1mara<\/strong>, <\/b>un actor legendario de la televisi\u00f3n venezolana, interpreta a Adonis en esta intrigante producci\u00f3n. Conocido por sus papeles en ic\u00f3nicas telenovelas como &#8216;<strong>Topacio&#8217;<\/strong> y &#8216;<strong>La intrusa&#8217;<\/strong>, C\u00e1mara nos sumerge en la mente de un hombre atormentado por su pasado. Su interpretaci\u00f3n profunda y conmovedora nos lleva a cuestionar la naturaleza de la identidad y las consecuencias de nuestros actos.<\/p>","protected":false},"featured_media":236601,"template":"","meta":{"_et_pb_use_builder":"","_et_pb_old_content":"","_et_gb_content_width":""},"product_cat":[24],"product_tag":[429,1222,1231,1264,1317,745,1204,1214,1239],"acf":[],"_links":{"self":[{"href":"http:\/\/3.144.191.25\/en\/wp-json\/wp\/v2\/product\/236309"}],"collection":[{"href":"http:\/\/3.144.191.25\/en\/wp-json\/wp\/v2\/product"}],"about":[{"href":"http:\/\/3.144.191.25\/en\/wp-json\/wp\/v2\/types\/product"}],"wp:featuredmedia":[{"embeddable":true,"href":"http:\/\/3.144.191.25\/en\/wp-json\/wp\/v2\/media\/236601"}],"wp:attachment":[{"href":"http:\/\/3.144.191.25\/en\/wp-json\/wp\/v2\/media?parent=236309"}],"wp:term":[{"taxonomy":"product_cat","embeddable":true,"href":"http:\/\/3.144.191.25\/en\/wp-json\/wp\/v2\/product_cat?post=236309"},{"taxonomy":"product_tag","embeddable":true,"href":"http:\/\/3.144.191.25\/en\/wp-json\/wp\/v2\/product_tag?post=236309"}],"curies":[{"name":"wp","href":"https:\/\/api.w.org\/{rel}","templated":true}]}}