{"id":236310,"date":"2024-09-18T20:37:48","date_gmt":"2024-09-18T20:37:48","guid":{"rendered":"https:\/\/www.rctvinternational.com\/?post_type=product&#038;p=236310"},"modified":"2024-09-18T20:37:48","modified_gmt":"2024-09-18T20:37:48","slug":"el-presagio","status":"publish","type":"product","link":"http:\/\/3.144.191.25\/en\/product\/el-presagio\/","title":{"rendered":"El Presagio"},"content":{"rendered":"<div style=\"width: 100%; min-height: 1px;\" id=\"vimeo-wc-video-6a0229beea199\" data-js=\"vimeo-wc-video\" data-atts=\"{&quot;autopause&quot;:&quot;true&quot;,&quot;autoplay&quot;:false,&quot;background&quot;:false,&quot;byline&quot;:&quot;true&quot;,&quot;color&quot;:&quot;none&quot;,&quot;controls&quot;:&quot;true&quot;,&quot;dnt&quot;:&quot;true&quot;,&quot;height&quot;:&quot;none&quot;,&quot;id&quot;:false,&quot;loop&quot;:false,&quot;maxheight&quot;:&quot;none&quot;,&quot;maxwidth&quot;:&quot;none&quot;,&quot;muted&quot;:false,&quot;pip&quot;:false,&quot;playsinline&quot;:&quot;true&quot;,&quot;portrait&quot;:&quot;true&quot;,&quot;quality&quot;:&quot;auto&quot;,&quot;responsive&quot;:&quot;true&quot;,&quot;speed&quot;:false,&quot;texttrack&quot;:&quot;none&quot;,&quot;title&quot;:&quot;true&quot;,&quot;transparent&quot;:true,&quot;url&quot;:&quot;https:\\\/\\\/vimeo.com\\\/968252997&quot;,&quot;width&quot;:&quot;none&quot;}\"><\/div>","protected":false},"excerpt":{"rendered":"<p style=\"text-align: justify;\"><img decoding=\"async\" loading=\"lazy\" class=\"alignnone size-medium wp-image-236602\" src=\"https:\/\/www.rctvinternational.com\/wp-content\/uploads\/2024\/09\/El-Presagio-Claquet4s-2024-267x300.png\" alt=\"\" width=\"267\" height=\"300\" \/><\/p>\n<p style=\"text-align: justify;\"><img decoding=\"async\" loading=\"lazy\" class=\"alignnone size-full wp-image-232350\" src=\"https:\/\/www.rctvinternational.com\/wp-content\/uploads\/2020\/10\/Sinopsis.png\" alt=\"\" width=\"125\" height=\"57\" \/><\/p>\n<p style=\"text-align: justify;\" data-sourcepos=\"5:1-5:361\">Agust\u00edn, un joven fot\u00f3grafo que trabaja en un estudio de cine, descubre que su antigua Rolleifex posee un inquietante poder: puede predecir desgracias antes de que ocurran. Todo comienza cuando un accidente en un set de filmaci\u00f3n, id\u00e9ntico a uno fotografiado previamente, lo aterroriza. Al revelar las im\u00e1genes, encuentra una instant\u00e1nea que anticip\u00f3 el suceso.<\/p>\n<p style=\"text-align: justify;\" data-sourcepos=\"7:1-7:335\">Atemorizado, Agust\u00edn intenta escapar de el presagio abandonando la Rolleifex y cambiando de trabajo. Sin embargo, el destino lo obliga a usarla nuevamente, enfrent\u00e1ndolo una vez m\u00e1s a sus visiones premonitorias. La c\u00e1mara lo gu\u00eda a evitar una tragedia en la monta\u00f1a, pero tambi\u00e9n lo confronta con la inminente muerte de su hijo menor.<\/p>\n<p style=\"text-align: justify;\" data-sourcepos=\"9:1-9:193\">La Rolleiflex se convierte en una pesadilla, revelando con escalofriante precisi\u00f3n cada desgracia. Desesperado por romper el ciclo, Agust\u00edn intenta exorcizar la c\u00e1mara, pero el tiempo se agota.<\/p>\n<p style=\"text-align: justify;\"><img decoding=\"async\" loading=\"lazy\" class=\"alignnone size-full wp-image-231431\" src=\"https:\/\/www.rctvinternational.com\/wp-content\/uploads\/2020\/04\/deberias-saber-que.jpg\" alt=\"\" width=\"265\" height=\"39\" \/><\/p>\n<p style=\"text-align: justify;\"><strong>&#8216;El Presagio&#8217; <\/strong>es\u00a0un thriller psicol\u00f3gico con elementos sobrenaturales que te mantendr\u00e1 al borde del asiento. La producci\u00f3n utiliz\u00f3 una aut\u00e9ntica Rolleifex para a\u00f1adir realismo a la historia. El guion, cuidadosamente elaborado, combina suspense con toques de terror, mientras que la filmaci\u00f3n en diversas locaciones, incluyendo una intensa persecuci\u00f3n en auto, eleva la calidad visual de la producci\u00f3n.<\/p>\n<p style=\"text-align: justify;\">","protected":false},"featured_media":236380,"template":"","meta":{"_et_pb_use_builder":"","_et_pb_old_content":"","_et_gb_content_width":""},"product_cat":[24],"product_tag":[1320,1318,727,1152,1319,1204,1239],"acf":[],"_links":{"self":[{"href":"http:\/\/3.144.191.25\/en\/wp-json\/wp\/v2\/product\/236310"}],"collection":[{"href":"http:\/\/3.144.191.25\/en\/wp-json\/wp\/v2\/product"}],"about":[{"href":"http:\/\/3.144.191.25\/en\/wp-json\/wp\/v2\/types\/product"}],"wp:featuredmedia":[{"embeddable":true,"href":"http:\/\/3.144.191.25\/en\/wp-json\/wp\/v2\/media\/236380"}],"wp:attachment":[{"href":"http:\/\/3.144.191.25\/en\/wp-json\/wp\/v2\/media?parent=236310"}],"wp:term":[{"taxonomy":"product_cat","embeddable":true,"href":"http:\/\/3.144.191.25\/en\/wp-json\/wp\/v2\/product_cat?post=236310"},{"taxonomy":"product_tag","embeddable":true,"href":"http:\/\/3.144.191.25\/en\/wp-json\/wp\/v2\/product_tag?post=236310"}],"curies":[{"name":"wp","href":"https:\/\/api.w.org\/{rel}","templated":true}]}}