{"id":236311,"date":"2024-09-10T23:19:58","date_gmt":"2024-09-10T23:19:58","guid":{"rendered":"https:\/\/www.rctvinternational.com\/?post_type=product&#038;p=236311"},"modified":"2024-09-16T00:44:25","modified_gmt":"2024-09-16T00:44:25","slug":"horoscopo-fatal","status":"publish","type":"product","link":"http:\/\/3.144.191.25\/en\/product\/horoscopo-fatal\/","title":{"rendered":"Hor\u00f3scopo Fatal"},"content":{"rendered":"<p>.<div style=\"width: 100%; min-height: 1px;\" id=\"vimeo-wc-video-6a0221c6114d5\" data-js=\"vimeo-wc-video\" data-atts=\"{&quot;autopause&quot;:&quot;true&quot;,&quot;autoplay&quot;:false,&quot;background&quot;:false,&quot;byline&quot;:&quot;true&quot;,&quot;color&quot;:&quot;none&quot;,&quot;controls&quot;:&quot;true&quot;,&quot;dnt&quot;:&quot;true&quot;,&quot;height&quot;:&quot;none&quot;,&quot;id&quot;:false,&quot;loop&quot;:false,&quot;maxheight&quot;:&quot;none&quot;,&quot;maxwidth&quot;:&quot;none&quot;,&quot;muted&quot;:false,&quot;pip&quot;:false,&quot;playsinline&quot;:&quot;true&quot;,&quot;portrait&quot;:&quot;true&quot;,&quot;quality&quot;:&quot;auto&quot;,&quot;responsive&quot;:&quot;true&quot;,&quot;speed&quot;:false,&quot;texttrack&quot;:&quot;none&quot;,&quot;title&quot;:&quot;true&quot;,&quot;transparent&quot;:true,&quot;url&quot;:&quot;https:\\\/\\\/vimeo.com\\\/968258039&quot;,&quot;width&quot;:&quot;none&quot;}\"><\/div><\/p>","protected":false},"excerpt":{"rendered":"<p><img decoding=\"async\" loading=\"lazy\" class=\"alignnone size-medium wp-image-236604\" src=\"https:\/\/www.rctvinternational.com\/wp-content\/uploads\/2024\/09\/Horoscopo-fatal-Claquetas1-2024-267x300.png\" alt=\"\" width=\"267\" height=\"300\" \/><\/p>\n<p><img decoding=\"async\" loading=\"lazy\" class=\"alignnone size-full wp-image-232350\" src=\"https:\/\/www.rctvinternational.com\/wp-content\/uploads\/2020\/10\/Sinopsis.png\" alt=\"\" width=\"125\" height=\"57\" \/><\/p>\n<p data-sourcepos=\"23:1-23:677\">Un reputado astr\u00f3logo, acostumbrado a descifrar el destino de otros, se ve abrumado por una serie de calamidades personales al analizar su propia carta astral.<\/p>\n<p data-sourcepos=\"23:1-23:677\">Sus predicciones revelan un futuro sombr\u00edo: la infidelidad de su esposa, problemas financieros y una crisis familiar sin precedentes.<\/p>\n<p data-sourcepos=\"23:1-23:677\">Descubre a trav\u00e9s de su oficio que su hijo, sumido en deudas, est\u00e1 envuelto en peligrosos negocios, mientras que su hija sufre un trauma devastador tras ser abusada. Atrapado en un v\u00f3rtice de desolaci\u00f3n, el astr\u00f3logo se enfrenta a su propia mortalidad, predicha en su carta astral.<\/p>\n<p data-sourcepos=\"23:1-23:677\">En esta lucha por mantener a su familia unida, deber\u00e1 decidir si acepta su destino o lucha por cambiar el curso de los acontecimientos.<\/p>\n<p data-sourcepos=\"23:1-23:677\"><img decoding=\"async\" loading=\"lazy\" class=\"alignnone size-full wp-image-231431\" src=\"https:\/\/www.rctvinternational.com\/wp-content\/uploads\/2020\/04\/deberias-saber-que.jpg\" alt=\"\" width=\"265\" height=\"39\" \/><\/p>\n<p data-sourcepos=\"25:1-25:455\"><strong>&#8216;Hor\u00f3scopo Fatal&#8217;<\/strong> es una profunda exploraci\u00f3n de la astrolog\u00eda y sus implicaciones en la vida personal. La pel\u00edcula aborda temas como la infidelidad, el abuso y la fragilidad de las relaciones familiares. Las actuaciones son destacadas, en especial la de Vicente Tepedino, quien interpreta al atormentado hijo del astr\u00f3logo. Tepedino, reconocido actor venezolano con una amplia trayectoria en televisi\u00f3n y cine, aporta una gran profundidad a su personaje<\/p>","protected":false},"featured_media":236384,"template":"","meta":{"_et_pb_use_builder":"","_et_pb_old_content":"","_et_gb_content_width":""},"product_cat":[24],"product_tag":[1229,1321,727,1231,1152,745,1204,388,1239],"acf":[],"_links":{"self":[{"href":"http:\/\/3.144.191.25\/en\/wp-json\/wp\/v2\/product\/236311"}],"collection":[{"href":"http:\/\/3.144.191.25\/en\/wp-json\/wp\/v2\/product"}],"about":[{"href":"http:\/\/3.144.191.25\/en\/wp-json\/wp\/v2\/types\/product"}],"wp:featuredmedia":[{"embeddable":true,"href":"http:\/\/3.144.191.25\/en\/wp-json\/wp\/v2\/media\/236384"}],"wp:attachment":[{"href":"http:\/\/3.144.191.25\/en\/wp-json\/wp\/v2\/media?parent=236311"}],"wp:term":[{"taxonomy":"product_cat","embeddable":true,"href":"http:\/\/3.144.191.25\/en\/wp-json\/wp\/v2\/product_cat?post=236311"},{"taxonomy":"product_tag","embeddable":true,"href":"http:\/\/3.144.191.25\/en\/wp-json\/wp\/v2\/product_tag?post=236311"}],"curies":[{"name":"wp","href":"https:\/\/api.w.org\/{rel}","templated":true}]}}