{"id":236312,"date":"2024-09-23T22:03:34","date_gmt":"2024-09-23T22:03:34","guid":{"rendered":"https:\/\/www.rctvinternational.com\/?post_type=product&#038;p=236312"},"modified":"2024-09-23T22:03:34","modified_gmt":"2024-09-23T22:03:34","slug":"los-conspiradores","status":"publish","type":"product","link":"http:\/\/3.144.191.25\/en\/product\/los-conspiradores\/","title":{"rendered":"Los Conspiradores"},"content":{"rendered":"<div style=\"width: 100%; min-height: 1px;\" id=\"vimeo-wc-video-6a022fb4c9bf0\" data-js=\"vimeo-wc-video\" data-atts=\"{&quot;autopause&quot;:&quot;true&quot;,&quot;autoplay&quot;:false,&quot;background&quot;:false,&quot;byline&quot;:&quot;true&quot;,&quot;color&quot;:&quot;none&quot;,&quot;controls&quot;:&quot;true&quot;,&quot;dnt&quot;:&quot;true&quot;,&quot;height&quot;:&quot;none&quot;,&quot;id&quot;:false,&quot;loop&quot;:false,&quot;maxheight&quot;:&quot;none&quot;,&quot;maxwidth&quot;:&quot;none&quot;,&quot;muted&quot;:false,&quot;pip&quot;:false,&quot;playsinline&quot;:&quot;true&quot;,&quot;portrait&quot;:&quot;true&quot;,&quot;quality&quot;:&quot;auto&quot;,&quot;responsive&quot;:&quot;true&quot;,&quot;speed&quot;:false,&quot;texttrack&quot;:&quot;none&quot;,&quot;title&quot;:&quot;true&quot;,&quot;transparent&quot;:true,&quot;url&quot;:&quot;https:\\\/\\\/vimeo.com\\\/968300208&quot;,&quot;width&quot;:&quot;none&quot;}\"><\/div>","protected":false},"excerpt":{"rendered":"<p style=\"text-align: justify;\"><img decoding=\"async\" loading=\"lazy\" class=\"alignnone size-medium wp-image-236640\" src=\"https:\/\/www.rctvinternational.com\/wp-content\/uploads\/2024\/09\/Los-Conspiradores-Claqueta-2024-267x300.png\" alt=\"\" width=\"267\" height=\"300\" \/><\/p>\n<p data-sourcepos=\"23:1-23:388\"><img decoding=\"async\" loading=\"lazy\" class=\"alignnone size-full wp-image-232350\" src=\"https:\/\/www.rctvinternational.com\/wp-content\/uploads\/2020\/10\/Sinopsis.png\" alt=\"\" width=\"125\" height=\"57\" \/><\/p>\n<p style=\"text-align: justify;\" data-sourcepos=\"23:1-23:388\">El descontento civil marca el comienzo de la ca\u00edda de un gobierno autoritario. En una naci\u00f3n asolada por la opresi\u00f3n, un grupo de valientes hombres se atreve a conspirar contra el r\u00e9gimen, desafiando todos los intentos del r\u00e9gimen por sofocar la rebeli\u00f3n. Cada uno de ellos, con sus propias razones y miedos, se une a la causa, dispuestos a sacrificarlo todo por un futuro mejor.<\/p>\n<p style=\"text-align: justify;\" data-sourcepos=\"25:1-25:414\">Las tensiones aumentan a medida que diferentes grupos comienzan a organizarse en secreto. Las autoridades responde con una brutalidad despiadada: torturas, detenciones arbitrarias y cuantiosas violaciones a los derechos humanos se vuelven moneda corriente. Cada reuni\u00f3n clandestina es un riesgo, pues desde el poder gubernamental, cualquier encuentro de dos o m\u00e1s personas es considerado una conspiraci\u00f3n.<\/p>\n<p style=\"text-align: justify;\" data-sourcepos=\"27:1-27:240\">Uno de los inesperados conspiradores es un hombre de avanzada edad con una vasta experiencia adquirida durante su vida en Europa. Su sabidur\u00eda y experiencia se convierten en un faro de esperanza para los m\u00e1s j\u00f3venes, pero tambi\u00e9n lo exponen a un peligro a\u00fan mayor. Mientras la represi\u00f3n aumenta,\u00a0 enfrentan m\u00e1s peligros. Cada \u00e9xito los acerca a su objetivo, pero tambi\u00e9n los pone m\u00e1s cerca de ser descubiertos. La paranoia se apodera de ellos, y la traici\u00f3n acecha en cada esquina.<\/p>\n<p style=\"text-align: justify;\"><img decoding=\"async\" loading=\"lazy\" class=\"alignnone size-full wp-image-231431\" src=\"https:\/\/www.rctvinternational.com\/wp-content\/uploads\/2020\/04\/deberias-saber-que.jpg\" alt=\"\" width=\"265\" height=\"39\" \/><\/p>\n<p style=\"text-align: justify;\"><strong>\u00a0&#8216;Los Conspiradores&#8217;<\/strong> es una producci\u00f3n que destaca por su detallada representaci\u00f3n de los movimientos de resistencia y las estrategias clandestinas utilizadas para desafiar al poder. La producci\u00f3n se bas\u00f3 en eventos hist\u00f3ricos y situaciones reales, que encontramos en cada lucha por los derechos de la libertad pol\u00edtica y social. Los escenarios y la direcci\u00f3n art\u00edstica fueron meticulosamente dise\u00f1ados para recrear la atm\u00f3sfera opresiva de un r\u00e9gimen autoritario.<\/p>","protected":false},"featured_media":236644,"template":"","meta":{"_et_pb_use_builder":"","_et_pb_old_content":"","_et_gb_content_width":""},"product_cat":[24],"product_tag":[1222,1322,1152,1204,1214,388,1238],"acf":[],"_links":{"self":[{"href":"http:\/\/3.144.191.25\/en\/wp-json\/wp\/v2\/product\/236312"}],"collection":[{"href":"http:\/\/3.144.191.25\/en\/wp-json\/wp\/v2\/product"}],"about":[{"href":"http:\/\/3.144.191.25\/en\/wp-json\/wp\/v2\/types\/product"}],"wp:featuredmedia":[{"embeddable":true,"href":"http:\/\/3.144.191.25\/en\/wp-json\/wp\/v2\/media\/236644"}],"wp:attachment":[{"href":"http:\/\/3.144.191.25\/en\/wp-json\/wp\/v2\/media?parent=236312"}],"wp:term":[{"taxonomy":"product_cat","embeddable":true,"href":"http:\/\/3.144.191.25\/en\/wp-json\/wp\/v2\/product_cat?post=236312"},{"taxonomy":"product_tag","embeddable":true,"href":"http:\/\/3.144.191.25\/en\/wp-json\/wp\/v2\/product_tag?post=236312"}],"curies":[{"name":"wp","href":"https:\/\/api.w.org\/{rel}","templated":true}]}}