{"id":236313,"date":"2024-09-06T11:34:12","date_gmt":"2024-09-06T11:34:12","guid":{"rendered":"https:\/\/www.rctvinternational.com\/?post_type=product&#038;p=236313"},"modified":"2024-09-06T11:34:13","modified_gmt":"2024-09-06T11:34:13","slug":"maestra-por-amor","status":"publish","type":"product","link":"http:\/\/3.144.191.25\/en\/product\/maestra-por-amor\/","title":{"rendered":"Maestra Por Amor"},"content":{"rendered":"<div style=\"width: 100%; min-height: 1px;\" id=\"vimeo-wc-video-6a022344172b5\" data-js=\"vimeo-wc-video\" data-atts=\"{&quot;autopause&quot;:&quot;true&quot;,&quot;autoplay&quot;:false,&quot;background&quot;:false,&quot;byline&quot;:&quot;true&quot;,&quot;color&quot;:&quot;none&quot;,&quot;controls&quot;:&quot;true&quot;,&quot;dnt&quot;:&quot;true&quot;,&quot;height&quot;:&quot;none&quot;,&quot;id&quot;:false,&quot;loop&quot;:false,&quot;maxheight&quot;:&quot;none&quot;,&quot;maxwidth&quot;:&quot;none&quot;,&quot;muted&quot;:false,&quot;pip&quot;:false,&quot;playsinline&quot;:&quot;true&quot;,&quot;portrait&quot;:&quot;true&quot;,&quot;quality&quot;:&quot;auto&quot;,&quot;responsive&quot;:&quot;true&quot;,&quot;speed&quot;:false,&quot;texttrack&quot;:&quot;none&quot;,&quot;title&quot;:&quot;true&quot;,&quot;transparent&quot;:true,&quot;url&quot;:&quot;https:\\\/\\\/vimeo.com\\\/968309056&quot;,&quot;width&quot;:&quot;none&quot;}\"><\/div>","protected":false},"excerpt":{"rendered":"<p style=\"text-align: justify;\"><img decoding=\"async\" loading=\"lazy\" class=\"alignnone size-medium wp-image-236417\" src=\"https:\/\/www.rctvinternational.com\/wp-content\/uploads\/2024\/08\/Maestra-por-amor-Claquetas-2024-267x300.png\" alt=\"\" width=\"267\" height=\"300\" \/><\/p>\n<p style=\"text-align: justify;\"><img decoding=\"async\" loading=\"lazy\" class=\"alignnone size-full wp-image-232350\" src=\"https:\/\/www.rctvinternational.com\/wp-content\/uploads\/2020\/10\/Sinopsis.png\" alt=\"\" width=\"125\" height=\"57\" \/><\/p>\n<p style=\"text-align: justify;\">Cuando la joven maestra Robledo llega de la provincia a la escuela rural de Nuevo Mundo, se encuentra con un panorama desolador. Un edificio en ruinas, ni\u00f1os desnutridos y una comunidad desesperanzada la esperan. Sin embargo, su determinaci\u00f3n de brindar una educaci\u00f3n de calidad a estos ni\u00f1os la impulsa a enfrentar los desaf\u00edos m\u00e1s dif\u00edciles<\/p>\n<p style=\"text-align: justify;\">Robledo no se detiene ante ning\u00fan obst\u00e1culo. Re\u00fane a la comunidad, restaura el edificio, implementa nuevas metodolog\u00edas de ense\u00f1anza y lucha incansablemente por conseguir los recursos necesarios. Pero su determinaci\u00f3n choca con la indiferencia de las autoridades, quienes parecen m\u00e1s interesadas en la burocracia que en el bienestar de los ni\u00f1os.<\/p>\n<p style=\"text-align: justify;\">A pesar de las adversidades, Robledo logra transformar la escuela en un espacio de aprendizaje y crecimiento. Su pasi\u00f3n y dedicaci\u00f3n inspiran a los ni\u00f1os, a sus familias y a toda la comunidad, demostrando que incluso en las circunstancias m\u00e1s dif\u00edciles, la educaci\u00f3n puede ser una fuerza transformadora<\/p>\n<p style=\"text-align: justify;\"><strong><img decoding=\"async\" loading=\"lazy\" class=\"alignnone size-full wp-image-231431\" src=\"https:\/\/www.rctvinternational.com\/wp-content\/uploads\/2020\/04\/deberias-saber-que.jpg\" alt=\"\" width=\"265\" height=\"39\" \/><\/strong><\/p>\n<p style=\"text-align: justify;\"><strong>&#8216;Maestra por amor&#8217;<\/strong> es una conmovedora producci\u00f3n que destaca la importancia de la educaci\u00f3n y la dedicaci\u00f3n de los maestros en comunidades desfavorecidas. Esta producci\u00f3n pone de manifiesto situaciones reales de docentes que han enfrentado y superado enormes desaf\u00edos para garantizar la educaci\u00f3n de sus estudiantes. El personaje de Robledo, hace honor a los educadores reales que dedican sus vidas a ense\u00f1ar en escuelas rurales en condiciones adversas.<\/p>\n<p style=\"text-align: justify;\">El entorno rural y los desaf\u00edos que enfrenta la protagonista est\u00e1n meticulosamente representados, lo que permite a los espectadores apreciar la importancia de la educaci\u00f3n y el impacto que un maestro dedicado puede tener en una comunidad. La producci\u00f3n tambi\u00e9n resalta temas como la burocracia gubernamental y la falta de apoyo a la educaci\u00f3n en \u00e1reas marginales, promoviendo la reflexi\u00f3n y el di\u00e1logo sobre estas importantes cuestiones sociales.<\/p>","protected":false},"featured_media":236392,"template":"","meta":{"_et_pb_use_builder":"","_et_pb_old_content":"","_et_gb_content_width":""},"product_cat":[24],"product_tag":[1205,1323,1270,1264,745,1214,1325,388,1324,1238],"acf":[],"_links":{"self":[{"href":"http:\/\/3.144.191.25\/en\/wp-json\/wp\/v2\/product\/236313"}],"collection":[{"href":"http:\/\/3.144.191.25\/en\/wp-json\/wp\/v2\/product"}],"about":[{"href":"http:\/\/3.144.191.25\/en\/wp-json\/wp\/v2\/types\/product"}],"wp:featuredmedia":[{"embeddable":true,"href":"http:\/\/3.144.191.25\/en\/wp-json\/wp\/v2\/media\/236392"}],"wp:attachment":[{"href":"http:\/\/3.144.191.25\/en\/wp-json\/wp\/v2\/media?parent=236313"}],"wp:term":[{"taxonomy":"product_cat","embeddable":true,"href":"http:\/\/3.144.191.25\/en\/wp-json\/wp\/v2\/product_cat?post=236313"},{"taxonomy":"product_tag","embeddable":true,"href":"http:\/\/3.144.191.25\/en\/wp-json\/wp\/v2\/product_tag?post=236313"}],"curies":[{"name":"wp","href":"https:\/\/api.w.org\/{rel}","templated":true}]}}