{"id":236324,"date":"2024-09-13T21:39:21","date_gmt":"2024-09-13T21:39:21","guid":{"rendered":"https:\/\/www.rctvinternational.com\/?post_type=product&#038;p=236324"},"modified":"2024-09-13T21:39:21","modified_gmt":"2024-09-13T21:39:21","slug":"traicion-a-la-cruz","status":"publish","type":"product","link":"http:\/\/3.144.191.25\/en\/product\/traicion-a-la-cruz\/","title":{"rendered":"Traici\u00f3n a la cruz"},"content":{"rendered":"<div style=\"width: 100%; min-height: 1px;\" id=\"vimeo-wc-video-6a0221c67200b\" data-js=\"vimeo-wc-video\" data-atts=\"{&quot;autopause&quot;:&quot;true&quot;,&quot;autoplay&quot;:false,&quot;background&quot;:false,&quot;byline&quot;:&quot;true&quot;,&quot;color&quot;:&quot;none&quot;,&quot;controls&quot;:&quot;true&quot;,&quot;dnt&quot;:&quot;true&quot;,&quot;height&quot;:&quot;none&quot;,&quot;id&quot;:false,&quot;loop&quot;:false,&quot;maxheight&quot;:&quot;none&quot;,&quot;maxwidth&quot;:&quot;none&quot;,&quot;muted&quot;:false,&quot;pip&quot;:false,&quot;playsinline&quot;:&quot;true&quot;,&quot;portrait&quot;:&quot;true&quot;,&quot;quality&quot;:&quot;auto&quot;,&quot;responsive&quot;:&quot;true&quot;,&quot;speed&quot;:false,&quot;texttrack&quot;:&quot;none&quot;,&quot;title&quot;:&quot;true&quot;,&quot;transparent&quot;:true,&quot;url&quot;:&quot;https:\\\/\\\/vimeo.com\\\/968326665&quot;,&quot;width&quot;:&quot;none&quot;}\"><\/div>","protected":false},"excerpt":{"rendered":"<p style=\"text-align: justify;\"><img decoding=\"async\" loading=\"lazy\" class=\"alignnone size-medium wp-image-236424\" src=\"https:\/\/www.rctvinternational.com\/wp-content\/uploads\/2024\/08\/Traision-a-la-Cruz-Claquetas-2024-267x300.png\" alt=\"\" width=\"267\" height=\"300\" \/><\/p>\n<p style=\"text-align: justify;\"><img decoding=\"async\" loading=\"lazy\" class=\"alignnone size-full wp-image-232350\" src=\"https:\/\/www.rctvinternational.com\/wp-content\/uploads\/2020\/10\/Sinopsis.png\" alt=\"\" width=\"125\" height=\"57\" \/><\/p>\n<p style=\"text-align: justify;\">Un sacerdote se ve envuelto en un esc\u00e1ndalo legal y medi\u00e1tico cuando es detenido en el aeropuerto con un importante cargamento de drogas en su equipaje. Mientras se prepara para abordar un vuelo al extranjero, el padre es sorprendido por las autoridades que, tras una revisi\u00f3n, encuentran una gran cantidad de droga en su maleta. La noticia se propaga r\u00e1pidamente, causando indignaci\u00f3n y desconcierto tanto en la comunidad como en los medios de comunicaci\u00f3n.<\/p>\n<p style=\"text-align: justify;\">El padre clama su inocencia, afirmando no entender c\u00f3mo la droga lleg\u00f3 a su equipaje. A pesar de sus protestas, es arrestado en el lugar y llevado en una patrulla a la comisar\u00eda. La comunidad del sacerdote se moviliza, alzando su voz contra los polic\u00edas, rechazando el suceso y comienzan a exigir su liberaci\u00f3n. Creyendo firmemente en su inocencia, acusan a los polic\u00edas de sembrar la droga. La verdad es m\u00e1s complicada de lo que se espera; estando en la c\u00e1rcel, se revela que el sacerdote fue forzado a transportar el cargamento y no actu\u00f3 por voluntad propia.<\/p>\n<p style=\"text-align: justify;\">A medida que se aproxima la fecha de la sentencia, la situaci\u00f3n se vuelve cada vez m\u00e1s desesperada. El padre se enfrenta a una condena inminente, pero su esperanza de libertad radica en que los responsables revelen la verdad y limiten el da\u00f1o a su reputaci\u00f3n y vida.<\/p>\n<p style=\"text-align: justify;\"><strong><img decoding=\"async\" loading=\"lazy\" class=\"alignnone size-full wp-image-231431\" src=\"https:\/\/www.rctvinternational.com\/wp-content\/uploads\/2020\/04\/deberias-saber-que.jpg\" alt=\"\" width=\"265\" height=\"39\" \/><\/strong><\/p>\n<p style=\"text-align: justify;\"><strong>&#8216;Traici\u00f3n a la cruz&#8217; <\/strong>cuenta con la participaci\u00f3n del renombrado actor <strong>Roberto Moll<\/strong>, primer actor de cine, teatro y televisi\u00f3n, actor de doblaje y profesor de actuaci\u00f3n. Fue antagonista llamado \u00c1lvaro Do Santos en &#8216;<strong>Abigail<\/strong>&#8216;, trabaj\u00f3 tambi\u00e9n en <strong>&#8216;El Desprecio<\/strong>&#8216;, coprotagoniz\u00f3 el unitario &#8216;I<strong>nocente en Linea<\/strong>&#8216;, hizo de Mauro en &#8216;<strong>Por estas calles<\/strong>&#8216;, ente otras destacadas producciones.<\/p>","protected":false},"featured_media":236360,"template":"","meta":{"_et_pb_use_builder":"","_et_pb_old_content":"","_et_gb_content_width":""},"product_cat":[24],"product_tag":[1205,727,1264,1214,388,1331,1239],"acf":[],"_links":{"self":[{"href":"http:\/\/3.144.191.25\/en\/wp-json\/wp\/v2\/product\/236324"}],"collection":[{"href":"http:\/\/3.144.191.25\/en\/wp-json\/wp\/v2\/product"}],"about":[{"href":"http:\/\/3.144.191.25\/en\/wp-json\/wp\/v2\/types\/product"}],"wp:featuredmedia":[{"embeddable":true,"href":"http:\/\/3.144.191.25\/en\/wp-json\/wp\/v2\/media\/236360"}],"wp:attachment":[{"href":"http:\/\/3.144.191.25\/en\/wp-json\/wp\/v2\/media?parent=236324"}],"wp:term":[{"taxonomy":"product_cat","embeddable":true,"href":"http:\/\/3.144.191.25\/en\/wp-json\/wp\/v2\/product_cat?post=236324"},{"taxonomy":"product_tag","embeddable":true,"href":"http:\/\/3.144.191.25\/en\/wp-json\/wp\/v2\/product_tag?post=236324"}],"curies":[{"name":"wp","href":"https:\/\/api.w.org\/{rel}","templated":true}]}}