{"id":236325,"date":"2024-09-16T01:26:09","date_gmt":"2024-09-16T01:26:09","guid":{"rendered":"https:\/\/www.rctvinternational.com\/?post_type=product&#038;p=236325"},"modified":"2024-09-19T20:10:25","modified_gmt":"2024-09-19T20:10:25","slug":"la-rumba-de-fin-de-mundo","status":"publish","type":"product","link":"http:\/\/3.144.191.25\/en\/product\/la-rumba-de-fin-de-mundo\/","title":{"rendered":"La Rumba De Fin De Mundo"},"content":{"rendered":"<div style=\"width: 100%; min-height: 1px;\" id=\"vimeo-wc-video-6a0215c5b5c31\" data-js=\"vimeo-wc-video\" data-atts=\"{&quot;autopause&quot;:&quot;true&quot;,&quot;autoplay&quot;:false,&quot;background&quot;:false,&quot;byline&quot;:&quot;true&quot;,&quot;color&quot;:&quot;none&quot;,&quot;controls&quot;:&quot;true&quot;,&quot;dnt&quot;:&quot;true&quot;,&quot;height&quot;:&quot;none&quot;,&quot;id&quot;:false,&quot;loop&quot;:false,&quot;maxheight&quot;:&quot;none&quot;,&quot;maxwidth&quot;:&quot;none&quot;,&quot;muted&quot;:false,&quot;pip&quot;:false,&quot;playsinline&quot;:&quot;true&quot;,&quot;portrait&quot;:&quot;true&quot;,&quot;quality&quot;:&quot;auto&quot;,&quot;responsive&quot;:&quot;true&quot;,&quot;speed&quot;:false,&quot;texttrack&quot;:&quot;none&quot;,&quot;title&quot;:&quot;true&quot;,&quot;transparent&quot;:true,&quot;url&quot;:&quot;https:\\\/\\\/vimeo.com\\\/930312318&quot;,&quot;width&quot;:&quot;none&quot;}\"><\/div>","protected":false},"excerpt":{"rendered":"<p style=\"text-align: justify;\"><img decoding=\"async\" loading=\"lazy\" class=\"alignnone size-medium wp-image-236609\" src=\"https:\/\/www.rctvinternational.com\/wp-content\/uploads\/2024\/09\/La-Rumba-del-mundo-Claquet4s-267x300.png\" alt=\"\" width=\"267\" height=\"300\" \/><\/p>\n<p style=\"text-align: justify;\"><img decoding=\"async\" loading=\"lazy\" class=\"alignnone size-full wp-image-232350\" src=\"https:\/\/www.rctvinternational.com\/wp-content\/uploads\/2020\/10\/Sinopsis.png\" alt=\"\" width=\"125\" height=\"57\" \/><\/p>\n<p style=\"text-align: justify;\" data-sourcepos=\"22:1-22:362\">En un rinc\u00f3n del mundo, la inminente llegada de un asteroide sacude los cimientos de la realidad. La vida, antes predecible y rutinaria, se transforma en una fren\u00e9tica b\u00fasqueda de significado y celebraci\u00f3n. <strong>&#8216;La Rumba de Fin de Mundo&#8217;<\/strong> nos sumerge en una semana ca\u00f3tica y conmovedora, donde un grupo diverso de personas se enfrenta a la finitud de la existencia.<\/p>\n<p style=\"text-align: justify;\" data-sourcepos=\"24:1-24:106\">Despedirse del mundo se convierte en una oportunidad para vivir sin arrepentimientos, reconciliarse con el pasado y celebrar la vida en todas sus formas. Un ambicioso ejecutivo busca redimirse, un artista descubre su verdadera pasi\u00f3n, y un grupo de amigos se re\u00fane para vivir una \u00faltima aventura juntos. A medida que el reloj avanza, cada uno de ellos decide c\u00f3mo quiere despedirse del mundo.<\/p>\n<p style=\"text-align: justify;\" data-sourcepos=\"26:1-26:286\">Con una mezcla de comedia desenfrenada y momentos emotivos, esta pel\u00edcula es una oda a la vida en tiempos de crisis. A trav\u00e9s de risas y l\u00e1grimas, <strong>&#8216;La Rumba de Fin de Mundo&#8217;<\/strong> nos recuerda que incluso frente a la adversidad, el esp\u00edritu humano es capaz de encontrar alegr\u00eda y esperanza.<\/p>\n<p style=\"text-align: justify;\"><strong><img decoding=\"async\" loading=\"lazy\" class=\"alignnone size-full wp-image-231431\" src=\"https:\/\/www.rctvinternational.com\/wp-content\/uploads\/2020\/04\/deberias-saber-que.jpg\" alt=\"\" width=\"265\" height=\"39\" \/><\/strong><\/p>\n<p style=\"text-align: justify;\"><strong>&#8216;La Rumba de Fin de Mundo&#8217;<\/strong> llega a la pantalla gracias al talentoso director y creador R\u00f3mulo Guardia, reconocido por sus trabajos en RCTV como<strong> &#8216;El Chupacabra&#8217; y &#8216;La Sayona&#8217;<\/strong>. En esta producci\u00f3n, Guardia hace su debut como director y guionista cinematogr\u00e1fico, reuniendo a un elenco de comediantes ampliamente reconocidos en la pantalla local. &#8216;<strong>La Rumba dl Fin de Mundo&#8217;<\/strong> no solo destaca por su enfoque original sobre el apocalipsis, sino tambi\u00e9n por el talento y la visi\u00f3n creativa de su equipo, prometiendo una experiencia cinematogr\u00e1fica \u00fanica y memorable.<\/p>","protected":false},"featured_media":236356,"template":"","meta":{"_et_pb_use_builder":"","_et_pb_old_content":"","_et_gb_content_width":""},"product_cat":[24],"product_tag":[1295,1205,1336,1332,1264,1335,1333,1334,388,1239],"acf":[],"_links":{"self":[{"href":"http:\/\/3.144.191.25\/en\/wp-json\/wp\/v2\/product\/236325"}],"collection":[{"href":"http:\/\/3.144.191.25\/en\/wp-json\/wp\/v2\/product"}],"about":[{"href":"http:\/\/3.144.191.25\/en\/wp-json\/wp\/v2\/types\/product"}],"wp:featuredmedia":[{"embeddable":true,"href":"http:\/\/3.144.191.25\/en\/wp-json\/wp\/v2\/media\/236356"}],"wp:attachment":[{"href":"http:\/\/3.144.191.25\/en\/wp-json\/wp\/v2\/media?parent=236325"}],"wp:term":[{"taxonomy":"product_cat","embeddable":true,"href":"http:\/\/3.144.191.25\/en\/wp-json\/wp\/v2\/product_cat?post=236325"},{"taxonomy":"product_tag","embeddable":true,"href":"http:\/\/3.144.191.25\/en\/wp-json\/wp\/v2\/product_tag?post=236325"}],"curies":[{"name":"wp","href":"https:\/\/api.w.org\/{rel}","templated":true}]}}