{"id":236326,"date":"2024-09-17T02:21:30","date_gmt":"2024-09-17T02:21:30","guid":{"rendered":"https:\/\/www.rctvinternational.com\/?post_type=product&#038;p=236326"},"modified":"2024-09-17T02:21:30","modified_gmt":"2024-09-17T02:21:30","slug":"un-pedazo-de-ti","status":"publish","type":"product","link":"http:\/\/3.144.191.25\/en\/product\/un-pedazo-de-ti\/","title":{"rendered":"Un Pedazo De Ti"},"content":{"rendered":"<div style=\"width: 100%; min-height: 1px;\" id=\"vimeo-wc-video-6a0221db12f54\" data-js=\"vimeo-wc-video\" data-atts=\"{&quot;autopause&quot;:&quot;true&quot;,&quot;autoplay&quot;:false,&quot;background&quot;:false,&quot;byline&quot;:&quot;true&quot;,&quot;color&quot;:&quot;none&quot;,&quot;controls&quot;:&quot;true&quot;,&quot;dnt&quot;:&quot;true&quot;,&quot;height&quot;:&quot;none&quot;,&quot;id&quot;:false,&quot;loop&quot;:false,&quot;maxheight&quot;:&quot;none&quot;,&quot;maxwidth&quot;:&quot;none&quot;,&quot;muted&quot;:false,&quot;pip&quot;:false,&quot;playsinline&quot;:&quot;true&quot;,&quot;portrait&quot;:&quot;true&quot;,&quot;quality&quot;:&quot;auto&quot;,&quot;responsive&quot;:&quot;true&quot;,&quot;speed&quot;:false,&quot;texttrack&quot;:&quot;none&quot;,&quot;title&quot;:&quot;true&quot;,&quot;transparent&quot;:true,&quot;url&quot;:&quot;https:\\\/\\\/vimeo.com\\\/968329938&quot;,&quot;width&quot;:&quot;none&quot;}\"><\/div>","protected":false},"excerpt":{"rendered":"<p style=\"text-align: justify;\"><img decoding=\"async\" loading=\"lazy\" class=\"alignnone size-medium wp-image-236413\" src=\"https:\/\/www.rctvinternational.com\/wp-content\/uploads\/2024\/08\/Un-Pedazo-de-ti-Claquetas-2024-267x300.png\" alt=\"\" width=\"267\" height=\"300\" \/><\/p>\n<p style=\"text-align: justify;\"><img decoding=\"async\" loading=\"lazy\" class=\"alignnone size-full wp-image-232350\" src=\"https:\/\/www.rctvinternational.com\/wp-content\/uploads\/2020\/10\/Sinopsis.png\" alt=\"\" width=\"125\" height=\"57\" \/><\/p>\n<p style=\"text-align: justify;\" data-sourcepos=\"7:1-7:270\">En un giro inesperado del destino, la vida de \u00c1ngela se desmorona. Su matrimonio, se ve sacudido por una tragedia que la obligar\u00e1 a enfrentar una serie de secretos y desencuentros.<\/p>\n<p style=\"text-align: justify;\" data-sourcepos=\"7:1-7:270\">Su esposo ha sufrido un grave accidente, devastada al recibir la noticia del hospital, tambi\u00e9n descubre \u00e9l hab\u00eda llevado una vida paralela desde hace mucho tiempo.<\/p>\n<p style=\"text-align: justify;\" data-sourcepos=\"7:1-7:270\">A trav\u00e9s de una serie de flashbacks, el espectador se adentra en el complejo entramado de relaciones que envolvi\u00f3 a Carlos, el esposo y su encuentro con Mar\u00eda Soledad, una mujer encantadora que lo har\u00e1 sentir un nuevo amor y a llenar vaci\u00f3s que lo llevar\u00e1 a cuestionar todo lo que cre\u00eda tener.<\/p>\n<p style=\"text-align: justify;\" data-sourcepos=\"11:1-11:374\">\u00c1ngela, devastada por la p\u00e9rdida y la traici\u00f3n, se enfrenta a una encrucijada emocional. \u00bfPodr\u00e1 perdonar a Carlos y reconstruir su vida junto a \u00e9l? \u00bfO el dolor ser\u00e1 demasiado grande para superar?\u00a0 Mientras tanto, un peque\u00f1o inocente, fruto de ese amor prohibido, tiene su futuro en juego.<\/p>\n<p style=\"text-align: justify;\"><strong><img decoding=\"async\" loading=\"lazy\" class=\"alignnone size-full wp-image-231431\" src=\"https:\/\/www.rctvinternational.com\/wp-content\/uploads\/2020\/04\/deberias-saber-que.jpg\" alt=\"\" width=\"265\" height=\"39\" \/><\/strong><\/p>\n<p style=\"text-align: justify;\"><strong>&#8216;Un Pedazo de Ti&#8217; <\/strong>es\u00a0una producci\u00f3n que te atrapar\u00e1 desde el primer minuto. Con un elenco estelar encabezado por Victoria Roberts, Miriam Ochoa y F\u00e9lix Loreto, esta historia explora los l\u00edmites del amor y las consecuencias de las decisiones que tomamos. A trav\u00e9s de una narrativa no lineal y llena de suspenso, el espectador ser\u00e1 testigo de un viaje emocional que lo dejar\u00e1 sin aliento.<\/p>","protected":false},"featured_media":236408,"template":"","meta":{"_et_pb_use_builder":"","_et_pb_old_content":"","_et_gb_content_width":""},"product_cat":[24],"product_tag":[1222,1264,1214,388,1337,1239],"acf":[],"_links":{"self":[{"href":"http:\/\/3.144.191.25\/en\/wp-json\/wp\/v2\/product\/236326"}],"collection":[{"href":"http:\/\/3.144.191.25\/en\/wp-json\/wp\/v2\/product"}],"about":[{"href":"http:\/\/3.144.191.25\/en\/wp-json\/wp\/v2\/types\/product"}],"wp:featuredmedia":[{"embeddable":true,"href":"http:\/\/3.144.191.25\/en\/wp-json\/wp\/v2\/media\/236408"}],"wp:attachment":[{"href":"http:\/\/3.144.191.25\/en\/wp-json\/wp\/v2\/media?parent=236326"}],"wp:term":[{"taxonomy":"product_cat","embeddable":true,"href":"http:\/\/3.144.191.25\/en\/wp-json\/wp\/v2\/product_cat?post=236326"},{"taxonomy":"product_tag","embeddable":true,"href":"http:\/\/3.144.191.25\/en\/wp-json\/wp\/v2\/product_tag?post=236326"}],"curies":[{"name":"wp","href":"https:\/\/api.w.org\/{rel}","templated":true}]}}