{"id":236429,"date":"2024-09-19T21:29:31","date_gmt":"2024-09-19T21:29:31","guid":{"rendered":"https:\/\/www.rctvinternational.com\/?post_type=product&#038;p=236429"},"modified":"2024-09-19T21:29:32","modified_gmt":"2024-09-19T21:29:32","slug":"matenme-por-favor","status":"publish","type":"product","link":"http:\/\/3.144.191.25\/en\/product\/matenme-por-favor\/","title":{"rendered":"M\u00e1tenme por favor"},"content":{"rendered":"<div style=\"width: 100%; min-height: 1px;\" id=\"vimeo-wc-video-6a023dd9ce37c\" data-js=\"vimeo-wc-video\" data-atts=\"{&quot;autopause&quot;:&quot;true&quot;,&quot;autoplay&quot;:false,&quot;background&quot;:false,&quot;byline&quot;:&quot;true&quot;,&quot;color&quot;:&quot;none&quot;,&quot;controls&quot;:&quot;true&quot;,&quot;dnt&quot;:&quot;true&quot;,&quot;height&quot;:&quot;none&quot;,&quot;id&quot;:false,&quot;loop&quot;:false,&quot;maxheight&quot;:&quot;none&quot;,&quot;maxwidth&quot;:&quot;none&quot;,&quot;muted&quot;:false,&quot;pip&quot;:false,&quot;playsinline&quot;:&quot;true&quot;,&quot;portrait&quot;:&quot;true&quot;,&quot;quality&quot;:&quot;auto&quot;,&quot;responsive&quot;:&quot;true&quot;,&quot;speed&quot;:false,&quot;texttrack&quot;:&quot;none&quot;,&quot;title&quot;:&quot;true&quot;,&quot;transparent&quot;:true,&quot;url&quot;:&quot;https:\\\/\\\/vimeo.com\\\/968311099&quot;,&quot;width&quot;:&quot;none&quot;}\"><\/div>","protected":false},"excerpt":{"rendered":"<p style=\"text-align: justify;\"><img decoding=\"async\" loading=\"lazy\" class=\"alignnone size-medium wp-image-236613\" src=\"https:\/\/www.rctvinternational.com\/wp-content\/uploads\/2024\/09\/Matame-Por-Favor-Claquet4s-2024-267x300.png\" alt=\"\" width=\"267\" height=\"300\" \/><\/p>\n<p style=\"text-align: justify;\"><img decoding=\"async\" loading=\"lazy\" class=\"alignnone size-full wp-image-232350\" src=\"https:\/\/www.rctvinternational.com\/wp-content\/uploads\/2020\/10\/Sinopsis.png\" alt=\"\" width=\"125\" height=\"57\" \/><\/p>\n<p style=\"text-align: justify;\" data-sourcepos=\"9:1-9:500\">Ramiro Vald\u00e9s <strong>(Eduardo Serrano)<\/strong>, un experimentado inspector de la Polic\u00eda Cient\u00edfica, ve su vida dar un vuelco inesperado al recibir un diagn\u00f3stico positivo de HIV tras realizarse un examen m\u00e9dico rutinario.<\/p>\n<p style=\"text-align: justify;\" data-sourcepos=\"9:1-9:500\">Casado y con una vida estable, sumerge a Ramiro en una profunda crisis emocional. Lo que \u00e9l desconoce es que un error humano en el laboratorio, cometido por el nuevo agente F\u00e9lix Salcedo, quien deliberadamente intercambi\u00f3 las muestras de sangre, para evitarse problemas.<\/p>\n<p style=\"text-align: justify;\" data-sourcepos=\"11:1-11:382\">En medio de esta turbulencia personal, Ramiro se encuentra en medio de un intenso enfrentamiento durante un atraco a un banco. Un peligroso criminal, armado con explosivos, mantiene a todos en vilo. En el fragor del asalto, Ramiro recibe una llamada que lo libera de una pesada carga: el resultado de su prueba de VIH fue un error, y \u00e9l no est\u00e1 infectado.<\/p>\n<p style=\"text-align: justify;\" data-sourcepos=\"13:1-13:209\">Sin embargo, el destino reserva una tr\u00e1gica iron\u00eda. F\u00e9lix, el responsable de la confusi\u00f3n, llega al banco para informar a Ramiro sobre el verdadero resultado, pero se convierte en la \u00faltima v\u00edctima del despiadado delincuente.<\/p>\n<h3 style=\"text-align: justify;\"><img decoding=\"async\" loading=\"lazy\" class=\"alignnone size-full wp-image-231431\" src=\"https:\/\/www.rctvinternational.com\/wp-content\/uploads\/2020\/04\/deberias-saber-que.jpg\" alt=\"\" width=\"265\" height=\"39\" \/><\/h3>\n<p style=\"text-align: justify;\" data-sourcepos=\"17:1-17:368\"><strong>Eduardo Serrano<\/strong>, el actor que da vida a Ramiro Vald\u00e9s en esta intensa producci\u00f3n, es reconocido por sus destacadas participaciones en exitosas telenovelas de <strong>RCTV<\/strong> como <strong>\u00abJuana la Virgen\u00bb y \u00abEl Desprecio\u00bb<\/strong>. En este unitario, Serrano demuestra una vez m\u00e1s su talento interpretativo al abordar un tema tan sensible, sumergi\u00e9ndose en las complejas emociones de su personaje.<\/p>","protected":false},"featured_media":236612,"template":"","meta":{"_et_pb_use_builder":"","_et_pb_old_content":"","_et_gb_content_width":""},"product_cat":[24],"product_tag":[1363,1376,1402,1152,1300,1204,1238],"acf":[],"_links":{"self":[{"href":"http:\/\/3.144.191.25\/en\/wp-json\/wp\/v2\/product\/236429"}],"collection":[{"href":"http:\/\/3.144.191.25\/en\/wp-json\/wp\/v2\/product"}],"about":[{"href":"http:\/\/3.144.191.25\/en\/wp-json\/wp\/v2\/types\/product"}],"wp:featuredmedia":[{"embeddable":true,"href":"http:\/\/3.144.191.25\/en\/wp-json\/wp\/v2\/media\/236612"}],"wp:attachment":[{"href":"http:\/\/3.144.191.25\/en\/wp-json\/wp\/v2\/media?parent=236429"}],"wp:term":[{"taxonomy":"product_cat","embeddable":true,"href":"http:\/\/3.144.191.25\/en\/wp-json\/wp\/v2\/product_cat?post=236429"},{"taxonomy":"product_tag","embeddable":true,"href":"http:\/\/3.144.191.25\/en\/wp-json\/wp\/v2\/product_tag?post=236429"}],"curies":[{"name":"wp","href":"https:\/\/api.w.org\/{rel}","templated":true}]}}