{"id":236435,"date":"2024-09-15T23:33:41","date_gmt":"2024-09-15T23:33:41","guid":{"rendered":"https:\/\/www.rctvinternational.com\/?post_type=product&#038;p=236435"},"modified":"2024-10-09T23:40:50","modified_gmt":"2024-10-09T23:40:50","slug":"cuerpos-clandestinos","status":"publish","type":"product","link":"http:\/\/3.144.191.25\/en\/product\/cuerpos-clandestinos\/","title":{"rendered":"Cuerpos Clandestinos"},"content":{"rendered":"<p>&nbsp;<\/p>\n<div style=\"width: 100%; min-height: 1px;\" id=\"vimeo-wc-video-6a022f9c3957a\" data-js=\"vimeo-wc-video\" data-atts=\"{&quot;autopause&quot;:&quot;true&quot;,&quot;autoplay&quot;:false,&quot;background&quot;:false,&quot;byline&quot;:&quot;true&quot;,&quot;color&quot;:&quot;none&quot;,&quot;controls&quot;:&quot;true&quot;,&quot;dnt&quot;:&quot;true&quot;,&quot;height&quot;:&quot;none&quot;,&quot;id&quot;:false,&quot;loop&quot;:false,&quot;maxheight&quot;:&quot;none&quot;,&quot;maxwidth&quot;:&quot;none&quot;,&quot;muted&quot;:false,&quot;pip&quot;:false,&quot;playsinline&quot;:&quot;true&quot;,&quot;portrait&quot;:&quot;true&quot;,&quot;quality&quot;:&quot;auto&quot;,&quot;responsive&quot;:&quot;true&quot;,&quot;speed&quot;:false,&quot;texttrack&quot;:&quot;none&quot;,&quot;title&quot;:&quot;true&quot;,&quot;transparent&quot;:true,&quot;url&quot;:&quot;https:\\\/\\\/vimeo.com\\\/968218484&quot;,&quot;width&quot;:&quot;none&quot;}\"><\/div>","protected":false},"excerpt":{"rendered":"<p style=\"text-align: justify;\"><img decoding=\"async\" loading=\"lazy\" class=\"alignnone size-medium wp-image-236591\" src=\"https:\/\/www.rctvinternational.com\/wp-content\/uploads\/2024\/09\/Cuerpos-clandestinos-Claquetas-2024-267x300.png\" alt=\"\" width=\"267\" height=\"300\" \/><\/p>\n<p style=\"text-align: justify;\"><img decoding=\"async\" loading=\"lazy\" class=\"alignnone size-full wp-image-232350\" src=\"https:\/\/www.rctvinternational.com\/wp-content\/uploads\/2020\/10\/Sinopsis.png\" alt=\"\" width=\"125\" height=\"57\" \/><\/p>\n<p style=\"text-align: justify;\">\u00c1lvaro (<strong>F\u00e9lix Loreto<\/strong>) es un exitoso agente especial de la polic\u00eda. Su vida personal parece ser igual de perfecta. Est\u00e1 casado con Claudia (<strong>Mar\u00eda Conchita Alonso)<\/strong>, una hermosa y talentosa productora de videoclips. Juntos, han construido un hogar lleno de amor y complicidad, una vida que cualquiera envidiar\u00eda.<\/p>\n<p style=\"text-align: justify;\">Un d\u00eda, el destino trae de vuelta a Gabriel (<strong>Franklin Virg\u00fcez<\/strong>), el mejor amigo de \u00c1lvaro, qui\u00e9n con su carisma y encanto natural, se integra r\u00e1pidamente en la vida de \u00c1lvaro y Claudia, trayendo consigo recuerdos compartidos y risas sinceras. Sin embargo, algo inesperado comienza a gestarse entre Claudia y Gabriel, algo que ninguno de los dos puede evitar. La atracci\u00f3n entre ellos es inmediata, pero ambos luchan por reprimirla, en una batalla silenciosa, una lucha constante entre el deseo y la lealtad.<\/p>\n<p style=\"text-align: justify;\">Mientras tanto, \u00c1lvaro est\u00e1 inmerso en la investigaci\u00f3n de un caso complejo: el asesinato de una mujer vinculada a un ministro del gobierno. Su mente est\u00e1 absorta en resolver el crimen, sin imaginar que el verdadero misterio que destruir\u00e1 su vida se est\u00e1 desarrollando justo en su propia casa.<\/p>\n<p style=\"text-align: justify;\">Accidentalmente \u00c1lvaro descubre la verdad. Claudia y Gabriel han cruzado la l\u00ednea, convirti\u00e9ndose en lo que \u00e9l llama \u00abCuerpos Clandestinos\u00bb, v\u00edctimas de una pasi\u00f3n prohibida. El hallazgo lo destroza. El hombre que hab\u00eda dedicado su vida a juzgar la infidelidad y el crimen ahora es v\u00edctima de ambos.<\/p>\n<p style=\"text-align: justify;\"><img decoding=\"async\" loading=\"lazy\" class=\"alignnone size-full wp-image-231431\" src=\"https:\/\/www.rctvinternational.com\/wp-content\/uploads\/2020\/04\/deberias-saber-que.jpg\" alt=\"\" width=\"265\" height=\"39\" \/><\/p>\n<p style=\"text-align: justify;\"><strong>&#8216;Cuerpos Clandestinos&#8217;<\/strong> es una producci\u00f3n que re\u00fane a un elenco de estrellas y a uno de los guionistas m\u00e1s exitosos de Latinoam\u00e9rica. <strong>Leonardo Padr\u00f3n<\/strong>, creador de \u00e9xitos como <strong>&#8216;<em>P\u00e1lpito&#8217;<\/em><\/strong>y<strong> &#8216;<\/strong><em><strong>Accidente&#8217;<\/strong>, <\/em>\u00a0nos sumerge en una trama llena de intriga y pasi\u00f3n. La aclamada actriz internacional <strong>Mar\u00eda Conchita Alonso<\/strong> interpreta a Claudia, una mujer atrapada en un tri\u00e1ngulo amoroso que la llevar\u00e1 al l\u00edmite. <strong>Franklin Virg\u00fcez<\/strong> y <strong>F\u00e9lix Loreto<\/strong> encarnan a los dos hombres que luchar\u00e1n por el coraz\u00f3n de Claudia. Bajo la direcci\u00f3n del reconocido <strong>Renato Guti\u00e9rrez.<\/strong><\/p>","protected":false},"featured_media":236693,"template":"","meta":{"_et_pb_use_builder":"","_et_pb_old_content":"","_et_gb_content_width":""},"product_cat":[24],"product_tag":[1358,1205,1359,1360,727,1231,1152,745,1204,1357],"acf":[],"_links":{"self":[{"href":"http:\/\/3.144.191.25\/en\/wp-json\/wp\/v2\/product\/236435"}],"collection":[{"href":"http:\/\/3.144.191.25\/en\/wp-json\/wp\/v2\/product"}],"about":[{"href":"http:\/\/3.144.191.25\/en\/wp-json\/wp\/v2\/types\/product"}],"wp:featuredmedia":[{"embeddable":true,"href":"http:\/\/3.144.191.25\/en\/wp-json\/wp\/v2\/media\/236693"}],"wp:attachment":[{"href":"http:\/\/3.144.191.25\/en\/wp-json\/wp\/v2\/media?parent=236435"}],"wp:term":[{"taxonomy":"product_cat","embeddable":true,"href":"http:\/\/3.144.191.25\/en\/wp-json\/wp\/v2\/product_cat?post=236435"},{"taxonomy":"product_tag","embeddable":true,"href":"http:\/\/3.144.191.25\/en\/wp-json\/wp\/v2\/product_tag?post=236435"}],"curies":[{"name":"wp","href":"https:\/\/api.w.org\/{rel}","templated":true}]}}