{"id":236448,"date":"2024-09-16T01:07:56","date_gmt":"2024-09-16T01:07:56","guid":{"rendered":"https:\/\/www.rctvinternational.com\/?post_type=product&#038;p=236448"},"modified":"2024-09-18T20:48:50","modified_gmt":"2024-09-18T20:48:50","slug":"inocente-en-linea","status":"publish","type":"product","link":"http:\/\/3.144.191.25\/en\/product\/inocente-en-linea\/","title":{"rendered":"Inocente En L\u00ednea"},"content":{"rendered":"<div style=\"width: 100%; min-height: 1px;\" id=\"vimeo-wc-video-6a023e1d3e4ae\" data-js=\"vimeo-wc-video\" data-atts=\"{&quot;autopause&quot;:&quot;true&quot;,&quot;autoplay&quot;:false,&quot;background&quot;:false,&quot;byline&quot;:&quot;true&quot;,&quot;color&quot;:&quot;none&quot;,&quot;controls&quot;:&quot;true&quot;,&quot;dnt&quot;:&quot;true&quot;,&quot;height&quot;:&quot;none&quot;,&quot;id&quot;:false,&quot;loop&quot;:false,&quot;maxheight&quot;:&quot;none&quot;,&quot;maxwidth&quot;:&quot;none&quot;,&quot;muted&quot;:false,&quot;pip&quot;:false,&quot;playsinline&quot;:&quot;true&quot;,&quot;portrait&quot;:&quot;true&quot;,&quot;quality&quot;:&quot;auto&quot;,&quot;responsive&quot;:&quot;true&quot;,&quot;speed&quot;:false,&quot;texttrack&quot;:&quot;none&quot;,&quot;title&quot;:&quot;true&quot;,&quot;transparent&quot;:true,&quot;url&quot;:&quot;https:\\\/\\\/vimeo.com\\\/968266274&quot;,&quot;width&quot;:&quot;none&quot;}\"><\/div>","protected":false},"excerpt":{"rendered":"<p style=\"text-align: justify;\"><img decoding=\"async\" loading=\"lazy\" class=\"alignnone size-medium wp-image-236606\" src=\"https:\/\/www.rctvinternational.com\/wp-content\/uploads\/2024\/09\/Inocente-en-linea-Claquet4s-2024-267x300.png\" alt=\"\" width=\"267\" height=\"300\" \/><\/p>\n<p style=\"text-align: justify;\"><img decoding=\"async\" loading=\"lazy\" class=\"alignnone size-full wp-image-232350\" src=\"https:\/\/www.rctvinternational.com\/wp-content\/uploads\/2020\/10\/Sinopsis.png\" alt=\"\" width=\"125\" height=\"57\" \/><\/p>\n<p style=\"text-align: justify;\">Frankie Gamboa, un tenaz detective de homicidios, se sumerge en un caso que sacudir\u00e1 los cimientos de la justicia. Mientras otros cierran el caso y dan por hecho que D\u00e1maso Aguirre, un celoso hombre, asesin\u00f3 a su esposa en medio de una fuerte pelea.<\/p>\n<p style=\"text-align: justify;\">Las pruebas son contundente, pero el detective percibe que una pieza no encaja en el rompecabeza y decide no ignorarlo.<\/p>\n<p style=\"text-align: justify;\">As\u00ed, Gamboa, obsesionado con la verdad, se adentra en un mundo oscuro y peligroso, enfrentando la resistencia de aquellos que desean mantener oculta la verdad.\u00a0A medida que desentra\u00f1a la compleja trama, descubre secretos impactantes que ponen en peligro su vida y la de su familia.<\/p>\n<p style=\"text-align: justify;\">Con cada pista, la l\u00ednea entre la justicia y la venganza se vuelve m\u00e1s difusa. \u00bfPodr\u00e1 Gamboa demostrar la inocencia de Aguirre y exponer a los verdaderos culpables antes de que sea demasiado tarde?<\/p>\n<p>&nbsp;<\/p>\n<p style=\"text-align: justify;\"><img decoding=\"async\" loading=\"lazy\" class=\"alignnone size-full wp-image-231431\" src=\"https:\/\/www.rctvinternational.com\/wp-content\/uploads\/2020\/04\/deberias-saber-que.jpg\" alt=\"\" width=\"265\" height=\"39\" \/><\/p>\n<p>&nbsp;<\/p>\n<p style=\"text-align: justify;\"><strong>Roberto Moll<\/strong>, quien interpreta al atormentado D\u00e1maso Aguirre, entrega una actuaci\u00f3n conmovedora que te dejar\u00e1 sin aliento. Su interpretaci\u00f3n llena de pasi\u00f3n y vulnerabilidad te har\u00e1 sentir la desesperaci\u00f3n de un hombre inocente atrapado en una pesadilla.<\/p>","protected":false},"featured_media":236450,"template":"","meta":{"_et_pb_use_builder":"","_et_pb_old_content":"","_et_gb_content_width":""},"product_cat":[24],"product_tag":[422,1222,866,1264,1214,388,1414,1337,1239],"acf":[],"_links":{"self":[{"href":"http:\/\/3.144.191.25\/en\/wp-json\/wp\/v2\/product\/236448"}],"collection":[{"href":"http:\/\/3.144.191.25\/en\/wp-json\/wp\/v2\/product"}],"about":[{"href":"http:\/\/3.144.191.25\/en\/wp-json\/wp\/v2\/types\/product"}],"wp:featuredmedia":[{"embeddable":true,"href":"http:\/\/3.144.191.25\/en\/wp-json\/wp\/v2\/media\/236450"}],"wp:attachment":[{"href":"http:\/\/3.144.191.25\/en\/wp-json\/wp\/v2\/media?parent=236448"}],"wp:term":[{"taxonomy":"product_cat","embeddable":true,"href":"http:\/\/3.144.191.25\/en\/wp-json\/wp\/v2\/product_cat?post=236448"},{"taxonomy":"product_tag","embeddable":true,"href":"http:\/\/3.144.191.25\/en\/wp-json\/wp\/v2\/product_tag?post=236448"}],"curies":[{"name":"wp","href":"https:\/\/api.w.org\/{rel}","templated":true}]}}