{"id":236454,"date":"2024-08-22T23:12:50","date_gmt":"2024-08-22T23:12:50","guid":{"rendered":"https:\/\/www.rctvinternational.com\/?post_type=product&#038;p=236454"},"modified":"2024-10-04T18:42:23","modified_gmt":"2024-10-04T18:42:23","slug":"la-decima-victima","status":"publish","type":"product","link":"http:\/\/3.144.191.25\/en\/product\/la-decima-victima\/","title":{"rendered":"La D\u00e9cima V\u00edctima"},"content":{"rendered":"<div style=\"width: 100%; min-height: 1px;\" id=\"vimeo-wc-video-6a0223350e5fb\" data-js=\"vimeo-wc-video\" data-atts=\"{&quot;autopause&quot;:&quot;true&quot;,&quot;autoplay&quot;:false,&quot;background&quot;:false,&quot;byline&quot;:&quot;true&quot;,&quot;color&quot;:&quot;none&quot;,&quot;controls&quot;:&quot;true&quot;,&quot;dnt&quot;:&quot;true&quot;,&quot;height&quot;:&quot;none&quot;,&quot;id&quot;:false,&quot;loop&quot;:false,&quot;maxheight&quot;:&quot;none&quot;,&quot;maxwidth&quot;:&quot;none&quot;,&quot;muted&quot;:false,&quot;pip&quot;:false,&quot;playsinline&quot;:&quot;true&quot;,&quot;portrait&quot;:&quot;true&quot;,&quot;quality&quot;:&quot;auto&quot;,&quot;responsive&quot;:&quot;true&quot;,&quot;speed&quot;:false,&quot;texttrack&quot;:&quot;none&quot;,&quot;title&quot;:&quot;true&quot;,&quot;transparent&quot;:true,&quot;url&quot;:&quot;https:\\\/\\\/vimeo.com\\\/968274970&quot;,&quot;width&quot;:&quot;none&quot;}\"><\/div>","protected":false},"excerpt":{"rendered":"<p><img decoding=\"async\" loading=\"lazy\" src=\"https:\/\/www.rctvinternational.com\/wp-content\/uploads\/2024\/08\/La-Decima-Victima-Claquetas-2024-267x300.png\" alt=\"\" width=\"267\" height=\"300\" \/><\/p>\n<p><img decoding=\"async\" loading=\"lazy\" src=\"https:\/\/www.rctvinternational.com\/wp-content\/uploads\/2020\/10\/Sinopsis.png\" alt=\"\" width=\"125\" height=\"57\" \/><\/p>\n<p>En las oscuras calles de una ciudad sumida en el caos, \u00c1ngel, un joven atormentado por un pasado violento, busca refugio en el amor puro de Marian, as\u00ed transcurre su vida en una extra\u00f1a normalidad.<\/p>\n<div>\n<div>\n<p>Sin embargo, esta realidad se ve sacudida cuando una serie de desapariciones de j\u00f3venes estudiantes comienza a sembrar el terror en la comunidad. La pesadilla se intensifica cuando \u00c1ngel y Marian son arrastrados a una fiesta organizada por una siniestra secta.<\/p>\n<div>\n<div>\n<p>En un ritual macabro, presencian c\u00f3mo Vicky, amiga de Marian, es sacrificada como ofrenda. \u00c1ngel, bajo coacci\u00f3n, debe beber la sangre de la v\u00edctima para demostrar su lealtad al grupo. Este traum\u00e1tico suceso marcar\u00e1 un antes y un despu\u00e9s en la vida de los j\u00f3venes, quienes se ver\u00e1n envueltos en una espiral de horror y misterio.<\/p>\n<div>\n<div>\n<p>Mientras tanto, un investigador policiaco, obsesionado con encontrar a su hermano desaparecido, se adentra en ese laberinto de mentiras y traiciones. \u00bfPodr\u00e1 desarticular esta secta antes de que haya nuevas v\u00edctimas?<\/p>\n<div><\/div>\n<p><img decoding=\"async\" loading=\"lazy\" src=\"https:\/\/www.rctvinternational.com\/wp-content\/uploads\/2020\/04\/deberias-saber-que.jpg\" alt=\"\" width=\"265\" height=\"39\" \/><\/p>\n<p>Protagonizada por la reconocida actriz Sonya Smith, \u2018La D\u00e9cima V\u00edctima\u2019 es una producci\u00f3n venezolana de que combina elementos de thriller psicol\u00f3gico y terror sobrenatural que cautivan al p\u00fablico con su trama intensa y sus actuaciones sobresalientes.<\/p>\n<\/div>\n<\/div>\n<\/div>\n<\/div>\n<\/div>\n<\/div>","protected":false},"featured_media":236673,"template":"","meta":{"_et_pb_use_builder":"","_et_pb_old_content":"","_et_gb_content_width":""},"product_cat":[24],"product_tag":[1205,1369,1360,727,1231,1264,1218,388,1370,1371],"acf":[],"_links":{"self":[{"href":"http:\/\/3.144.191.25\/en\/wp-json\/wp\/v2\/product\/236454"}],"collection":[{"href":"http:\/\/3.144.191.25\/en\/wp-json\/wp\/v2\/product"}],"about":[{"href":"http:\/\/3.144.191.25\/en\/wp-json\/wp\/v2\/types\/product"}],"wp:featuredmedia":[{"embeddable":true,"href":"http:\/\/3.144.191.25\/en\/wp-json\/wp\/v2\/media\/236673"}],"wp:attachment":[{"href":"http:\/\/3.144.191.25\/en\/wp-json\/wp\/v2\/media?parent=236454"}],"wp:term":[{"taxonomy":"product_cat","embeddable":true,"href":"http:\/\/3.144.191.25\/en\/wp-json\/wp\/v2\/product_cat?post=236454"},{"taxonomy":"product_tag","embeddable":true,"href":"http:\/\/3.144.191.25\/en\/wp-json\/wp\/v2\/product_tag?post=236454"}],"curies":[{"name":"wp","href":"https:\/\/api.w.org\/{rel}","templated":true}]}}