{"id":236460,"date":"2024-09-23T22:42:14","date_gmt":"2024-09-23T22:42:14","guid":{"rendered":"https:\/\/www.rctvinternational.com\/?post_type=product&#038;p=236460"},"modified":"2024-10-02T21:46:39","modified_gmt":"2024-10-02T21:46:39","slug":"negro-felipe","status":"publish","type":"product","link":"http:\/\/3.144.191.25\/en\/product\/negro-felipe\/","title":{"rendered":"Negro Felipe"},"content":{"rendered":"<div style=\"width: 100%; min-height: 1px;\" id=\"vimeo-wc-video-6a023ebd89c5b\" data-js=\"vimeo-wc-video\" data-atts=\"{&quot;autopause&quot;:&quot;true&quot;,&quot;autoplay&quot;:false,&quot;background&quot;:false,&quot;byline&quot;:&quot;true&quot;,&quot;color&quot;:&quot;none&quot;,&quot;controls&quot;:&quot;true&quot;,&quot;dnt&quot;:&quot;true&quot;,&quot;height&quot;:&quot;none&quot;,&quot;id&quot;:false,&quot;loop&quot;:false,&quot;maxheight&quot;:&quot;none&quot;,&quot;maxwidth&quot;:&quot;none&quot;,&quot;muted&quot;:false,&quot;pip&quot;:false,&quot;playsinline&quot;:&quot;true&quot;,&quot;portrait&quot;:&quot;true&quot;,&quot;quality&quot;:&quot;auto&quot;,&quot;responsive&quot;:&quot;true&quot;,&quot;speed&quot;:false,&quot;texttrack&quot;:&quot;none&quot;,&quot;title&quot;:&quot;true&quot;,&quot;transparent&quot;:true,&quot;url&quot;:&quot;https:\\\/\\\/vimeo.com\\\/968316374&quot;,&quot;width&quot;:&quot;none&quot;}\"><\/div>","protected":false},"excerpt":{"rendered":"<p style=\"text-align: justify;\"><img decoding=\"async\" loading=\"lazy\" class=\"alignnone size-medium wp-image-236676\" src=\"https:\/\/www.rctvinternational.com\/wp-content\/uploads\/2024\/09\/Negro-Felipe-2024-267x300.png\" alt=\"\" width=\"267\" height=\"300\" \/><\/p>\n<p style=\"text-align: justify;\"><img decoding=\"async\" loading=\"lazy\" class=\"alignnone size-full wp-image-232350\" src=\"https:\/\/www.rctvinternational.com\/wp-content\/uploads\/2020\/10\/Sinopsis.png\" alt=\"\" width=\"125\" height=\"57\" \/><\/p>\n<p style=\"text-align: justify;\">Antonieta, desesperada por conquistar el amor de un hombre casado, decide acudir al culto de la santer\u00eda para pedir ayuda. Bajo la gu\u00eda de una bruja, invoca al esp\u00edritu del Negro Felipe, un esclavo que en el pasado fue brutalmente castigado tras intentar escapar de su amo.<\/p>\n<p style=\"text-align: justify;\">A trav\u00e9s de rituales y ceremonias, Antonieta busca que el Negro Felipe le conceda lo que tanto anhela. Con la gu\u00eda de una bruja que lee el tabaco, Antonieta se adentra en rituales oscuros y en ceremonias que la conectan con el pasado y con esp\u00edritus.<\/p>\n<p style=\"text-align: justify;\">Antonieta, quien antes sent\u00eda que controlaba su destino, ahora se siente perdida y sin saber a d\u00f3nde acudir en busca de ayuda. Las palabras de la bruja resuenan en su mente: \u00abEl Negro Felipe baja cuando se le llama\u00bb.<\/p>\n<p style=\"text-align: justify;\">En una ceremonia llena de misterio, la bruja pide permiso para que el Negro Felipe se manifieste, dejando a Antonieta frente a las consecuencias de sus acciones y su desesperada b\u00fasqueda de amor.<\/p>\n<p style=\"text-align: justify;\"><img decoding=\"async\" loading=\"lazy\" class=\"alignnone size-full wp-image-231431\" src=\"https:\/\/www.rctvinternational.com\/wp-content\/uploads\/2020\/04\/deberias-saber-que.jpg\" alt=\"\" width=\"265\" height=\"39\" \/><\/p>\n<p style=\"text-align: justify;\">Esta producci\u00f3n cuenta con la destacada actuaci\u00f3n de <strong>Gledys Ibarra<\/strong>, una de las figuras m\u00e1s importantes de la televisi\u00f3n venezolana. Ibarra ha participado en exitosas producciones como &#8216;<strong>Por estas calles&#8217;, &#8216;Ang\u00e9lica Pecado&#8217;, y &#8216;La mujer de Judas&#8217;,<\/strong> consolid\u00e1ndose como una actriz referente en el pa\u00eds por sus memorables interpretaciones.<\/p>","protected":false},"featured_media":236462,"template":"","meta":{"_et_pb_use_builder":"","_et_pb_old_content":"","_et_gb_content_width":""},"product_cat":[24],"product_tag":[1205,1408,428,1406,1264,1407,1214,388,1239],"acf":[],"_links":{"self":[{"href":"http:\/\/3.144.191.25\/en\/wp-json\/wp\/v2\/product\/236460"}],"collection":[{"href":"http:\/\/3.144.191.25\/en\/wp-json\/wp\/v2\/product"}],"about":[{"href":"http:\/\/3.144.191.25\/en\/wp-json\/wp\/v2\/types\/product"}],"wp:featuredmedia":[{"embeddable":true,"href":"http:\/\/3.144.191.25\/en\/wp-json\/wp\/v2\/media\/236462"}],"wp:attachment":[{"href":"http:\/\/3.144.191.25\/en\/wp-json\/wp\/v2\/media?parent=236460"}],"wp:term":[{"taxonomy":"product_cat","embeddable":true,"href":"http:\/\/3.144.191.25\/en\/wp-json\/wp\/v2\/product_cat?post=236460"},{"taxonomy":"product_tag","embeddable":true,"href":"http:\/\/3.144.191.25\/en\/wp-json\/wp\/v2\/product_tag?post=236460"}],"curies":[{"name":"wp","href":"https:\/\/api.w.org\/{rel}","templated":true}]}}