{"id":236466,"date":"2024-09-23T22:50:16","date_gmt":"2024-09-23T22:50:16","guid":{"rendered":"https:\/\/www.rctvinternational.com\/?post_type=product&#038;p=236466"},"modified":"2024-09-23T23:02:52","modified_gmt":"2024-09-23T23:02:52","slug":"prisionera","status":"publish","type":"product","link":"http:\/\/3.144.191.25\/en\/product\/prisionera\/","title":{"rendered":"Prisionera"},"content":{"rendered":"<div style=\"width: 100%; min-height: 1px;\" id=\"vimeo-wc-video-6a020a1cb02ca\" data-js=\"vimeo-wc-video\" data-atts=\"{&quot;autopause&quot;:&quot;true&quot;,&quot;autoplay&quot;:false,&quot;background&quot;:false,&quot;byline&quot;:&quot;true&quot;,&quot;color&quot;:&quot;none&quot;,&quot;controls&quot;:&quot;true&quot;,&quot;dnt&quot;:&quot;true&quot;,&quot;height&quot;:&quot;none&quot;,&quot;id&quot;:false,&quot;loop&quot;:false,&quot;maxheight&quot;:&quot;none&quot;,&quot;maxwidth&quot;:&quot;none&quot;,&quot;muted&quot;:false,&quot;pip&quot;:false,&quot;playsinline&quot;:&quot;true&quot;,&quot;portrait&quot;:&quot;true&quot;,&quot;quality&quot;:&quot;auto&quot;,&quot;responsive&quot;:&quot;true&quot;,&quot;speed&quot;:false,&quot;texttrack&quot;:&quot;none&quot;,&quot;title&quot;:&quot;true&quot;,&quot;transparent&quot;:true,&quot;url&quot;:&quot;https:\\\/\\\/vimeo.com\\\/968318296&quot;,&quot;width&quot;:&quot;none&quot;}\"><\/div>","protected":false},"excerpt":{"rendered":"<p style=\"text-align: justify;\"><img decoding=\"async\" loading=\"lazy\" class=\"alignnone size-medium wp-image-236467\" src=\"https:\/\/www.rctvinternational.com\/wp-content\/uploads\/2024\/08\/Prisionera-Claquetas-2024-267x300.png\" alt=\"\" width=\"267\" height=\"300\" \/><\/p>\n<p style=\"text-align: justify;\"><img decoding=\"async\" loading=\"lazy\" class=\"alignnone size-full wp-image-232350\" src=\"https:\/\/www.rctvinternational.com\/wp-content\/uploads\/2020\/10\/Sinopsis.png\" alt=\"\" width=\"125\" height=\"57\" \/><\/p>\n<p style=\"text-align: justify;\">Zuleima, una joven que en su desesperaci\u00f3n se involucra en el atraco a un banco, es detenida y condenada a pagar su pena en prisi\u00f3n. All\u00ed, en medio de un ambiente hostil, es sometida a constantes humillaciones y abusos, lo que agrava su sufrimiento y la hace sentir m\u00e1s atrapada que nunca.<\/p>\n<p style=\"text-align: justify;\">Al mismo tiempo, Freya, su madre, debe enfrentarse a su propio pasado oscuro. Un polic\u00eda la reconoce y comienza a investigarla, recordando un crimen en el que estuvo involucrada a\u00f1os atr\u00e1s.<\/p>\n<p style=\"text-align: justify;\">Aunque prisioneras de distintas maneras, Freya y Zuleima comparten una lucha interna por encontrar la redenci\u00f3n.<\/p>\n<p style=\"text-align: justify;\">El desenlace de la historia cierra el c\u00edrculo de sus destinos comunes, mostrando c\u00f3mo el pasado puede condenar, pero tambi\u00e9n ofrecer una \u00faltima oportunidad de liberaci\u00f3n.<\/p>\n<p style=\"text-align: justify;\"><strong><img decoding=\"async\" loading=\"lazy\" class=\"alignnone size-full wp-image-231431\" src=\"https:\/\/www.rctvinternational.com\/wp-content\/uploads\/2020\/04\/deberias-saber-que.jpg\" alt=\"\" width=\"265\" height=\"39\" \/><\/strong><\/p>\n<p style=\"text-align: justify;\">Victoria Robert, una de las protagonistas de esta producci\u00f3n, fue una destacada actriz en la \u00e9poca dorada de la televisi\u00f3n venezolana. Posteriormente se convirti\u00f3 en escritora y psicopedagoga. La destacada actriz particip\u00f3 en producciones exitosas como &#8216;<strong>Se\u00f1ora&#8217;, &#8216;Rub\u00ed Rebelde&#8217;<\/strong>, y en &#8216;<strong>Pura Sangre&#8217;<\/strong>, adem\u00e1s de su trabajo junto a grandes actrices como Amalia P\u00e9rez D\u00edaz y Caridad Canel\u00f3n en &#8216;<strong>Via Crucis en el Barrio&#8217;.<\/strong><\/p>","protected":false},"featured_media":236468,"template":"","meta":{"_et_pb_use_builder":"","_et_pb_old_content":"","_et_gb_content_width":""},"product_cat":[24],"product_tag":[1205,1231,1264,1412,745,1204,1214,388,1239],"acf":[],"_links":{"self":[{"href":"http:\/\/3.144.191.25\/en\/wp-json\/wp\/v2\/product\/236466"}],"collection":[{"href":"http:\/\/3.144.191.25\/en\/wp-json\/wp\/v2\/product"}],"about":[{"href":"http:\/\/3.144.191.25\/en\/wp-json\/wp\/v2\/types\/product"}],"wp:featuredmedia":[{"embeddable":true,"href":"http:\/\/3.144.191.25\/en\/wp-json\/wp\/v2\/media\/236468"}],"wp:attachment":[{"href":"http:\/\/3.144.191.25\/en\/wp-json\/wp\/v2\/media?parent=236466"}],"wp:term":[{"taxonomy":"product_cat","embeddable":true,"href":"http:\/\/3.144.191.25\/en\/wp-json\/wp\/v2\/product_cat?post=236466"},{"taxonomy":"product_tag","embeddable":true,"href":"http:\/\/3.144.191.25\/en\/wp-json\/wp\/v2\/product_tag?post=236466"}],"curies":[{"name":"wp","href":"https:\/\/api.w.org\/{rel}","templated":true}]}}