{"id":236478,"date":"2024-08-30T01:41:35","date_gmt":"2024-08-30T01:41:35","guid":{"rendered":"https:\/\/www.rctvinternational.com\/?post_type=product&#038;p=236478"},"modified":"2026-03-27T15:35:41","modified_gmt":"2026-03-27T15:35:41","slug":"viacrucis-en-el-barrio","status":"publish","type":"product","link":"http:\/\/3.144.191.25\/en\/product\/viacrucis-en-el-barrio\/","title":{"rendered":"Viacrucis en el Barrio"},"content":{"rendered":"<div style=\"width: 100%; min-height: 1px;\" id=\"vimeo-wc-video-6a02227831ba8\" data-js=\"vimeo-wc-video\" data-atts=\"{&quot;autopause&quot;:&quot;true&quot;,&quot;autoplay&quot;:false,&quot;background&quot;:false,&quot;byline&quot;:&quot;true&quot;,&quot;color&quot;:&quot;none&quot;,&quot;controls&quot;:&quot;true&quot;,&quot;dnt&quot;:&quot;true&quot;,&quot;height&quot;:&quot;none&quot;,&quot;id&quot;:false,&quot;loop&quot;:false,&quot;maxheight&quot;:&quot;none&quot;,&quot;maxwidth&quot;:&quot;none&quot;,&quot;muted&quot;:false,&quot;pip&quot;:false,&quot;playsinline&quot;:&quot;true&quot;,&quot;portrait&quot;:&quot;true&quot;,&quot;quality&quot;:&quot;auto&quot;,&quot;responsive&quot;:&quot;true&quot;,&quot;speed&quot;:false,&quot;texttrack&quot;:&quot;none&quot;,&quot;title&quot;:&quot;true&quot;,&quot;transparent&quot;:true,&quot;url&quot;:&quot;https:\\\/\\\/vimeo.com\\\/968333311&quot;,&quot;width&quot;:&quot;none&quot;}\"><\/div>\n<p>&nbsp;<\/p>","protected":false},"excerpt":{"rendered":"<p><img decoding=\"async\" loading=\"lazy\" class=\"alignnone size-medium wp-image-236479\" src=\"https:\/\/www.rctvinternational.com\/wp-content\/uploads\/2024\/08\/Viacrusis-del-Barrio-Claquetas-2024-1-267x300.png\" alt=\"\" width=\"267\" height=\"300\" \/><\/p>\n<p><img decoding=\"async\" loading=\"lazy\" class=\"alignnone size-full wp-image-232350\" src=\"https:\/\/www.rctvinternational.com\/wp-content\/uploads\/2020\/10\/Sinopsis.png\" alt=\"\" width=\"125\" height=\"57\" \/><\/p>\n<div class=\"flex max-w-full flex-col flex-grow\">\n<div class=\"min-h-[20px] text-message flex w-full flex-col items-end gap-2 break-words [.text-message+&amp;]:mt-5 overflow-x-auto whitespace-normal\" dir=\"auto\" data-message-author-role=\"assistant\" data-message-id=\"3a18ea8f-c9de-4b5b-8666-d97b7cb17e73\">\n<div class=\"flex w-full flex-col gap-1 empty:hidden first:pt-[3px]\">\n<div class=\"markdown prose w-full break-words dark:prose-invert dark\">\n<p style=\"text-align: justify;\" data-sourcepos=\"5:1-5:86\">En el coraz\u00f3n de un humilde barrio venezolano, la tranquila vida de un convento de monjas Carmelitas se ve sacudida por el tr\u00e1gico asesinato de la Hermana Francisca. Conocida por su valent\u00eda y su compromiso con los m\u00e1s necesitados, su muerte genera conmoci\u00f3n en la comunidad. Ante la indiferencia de las autoridades, dos de sus compa\u00f1eras, las hermanas Aura y Belinda, deciden tomar las riendas de la investigaci\u00f3n.<\/p>\n<p style=\"text-align: justify;\" data-sourcepos=\"7:1-7:349\">Guiadas por su fe y su determinaci\u00f3n, las religiosas se adentran en un mundo oscuro y peligroso. A medida que profundizan en la b\u00fasqueda de la verdad, descubren que Francisca hab\u00eda estado protegiendo a una joven de las agresiones de un hombre poderoso y sin escr\u00fapulos. Este hecho la convirti\u00f3 en un objetivo, y su asesinato fue un acto de venganza.<\/p>\n<p data-sourcepos=\"9:1-9:140\">Con la ayuda de una periodista y el apoyo de los vecinos, las hermanas logran que el caso se reabra y que la justicia se imponga. \u00abViacrucis en el Barrio\u00bb es una historia conmovedora sobre la fe, la amistad y la lucha por la verdad, que nos muestra la importancia de defender a los m\u00e1s vulnerables.<\/p>\n<p><img decoding=\"async\" loading=\"lazy\" class=\"alignnone size-full wp-image-231431\" src=\"https:\/\/www.rctvinternational.com\/wp-content\/uploads\/2020\/04\/deberias-saber-que.jpg\" alt=\"\" width=\"265\" height=\"39\" \/><\/p>\n<p data-sourcepos=\"13:1-13:121\">Detr\u00e1s de los personajes femeninos de esta pel\u00edcula se encuentran algunas de las actrices m\u00e1s talentosas de la televisi\u00f3n venezolana.<\/p>\n<p style=\"text-align: justify;\"><strong>Amalia P\u00e9rez D\u00edaz<\/strong>, la gran maestra de la actuaci\u00f3n latinoamericana interpreta una inolvidable Hermana Francisca. <strong>Victoria Robert<\/strong>, en el papel de la Hermana Belinda, da muestra una vez m\u00e1s de su talento y carisma.\u00a0Y por supuesto, no podemos olvidar a <strong>Caridad Canel\u00f3n<\/strong>, quien interpreta a la Hermana Aura. Canel\u00f3n presenta una escena inigualable.<\/p>\n<\/div>\n<\/div>\n<\/div>\n<\/div>","protected":false},"featured_media":236670,"template":"","meta":{"_et_pb_use_builder":"","_et_pb_old_content":"","_et_gb_content_width":""},"product_cat":[24],"product_tag":[751,269,1376,669,1270,1152,1264,1214,1375,1377,1374,1256],"acf":[],"_links":{"self":[{"href":"http:\/\/3.144.191.25\/en\/wp-json\/wp\/v2\/product\/236478"}],"collection":[{"href":"http:\/\/3.144.191.25\/en\/wp-json\/wp\/v2\/product"}],"about":[{"href":"http:\/\/3.144.191.25\/en\/wp-json\/wp\/v2\/types\/product"}],"wp:featuredmedia":[{"embeddable":true,"href":"http:\/\/3.144.191.25\/en\/wp-json\/wp\/v2\/media\/236670"}],"wp:attachment":[{"href":"http:\/\/3.144.191.25\/en\/wp-json\/wp\/v2\/media?parent=236478"}],"wp:term":[{"taxonomy":"product_cat","embeddable":true,"href":"http:\/\/3.144.191.25\/en\/wp-json\/wp\/v2\/product_cat?post=236478"},{"taxonomy":"product_tag","embeddable":true,"href":"http:\/\/3.144.191.25\/en\/wp-json\/wp\/v2\/product_tag?post=236478"}],"curies":[{"name":"wp","href":"https:\/\/api.w.org\/{rel}","templated":true}]}}