{"id":236485,"date":"2024-09-18T20:12:31","date_gmt":"2024-09-18T20:12:31","guid":{"rendered":"https:\/\/www.rctvinternational.com\/?post_type=product&#038;p=236485"},"modified":"2024-09-18T20:12:31","modified_gmt":"2024-09-18T20:12:31","slug":"derrota-final","status":"publish","type":"product","link":"http:\/\/3.144.191.25\/en\/product\/derrota-final\/","title":{"rendered":"Derrota Final"},"content":{"rendered":"<div style=\"width: 100%; min-height: 1px;\" id=\"vimeo-wc-video-6a02299f9ee7d\" data-js=\"vimeo-wc-video\" data-atts=\"{&quot;autopause&quot;:&quot;true&quot;,&quot;autoplay&quot;:false,&quot;background&quot;:false,&quot;byline&quot;:&quot;true&quot;,&quot;color&quot;:&quot;none&quot;,&quot;controls&quot;:&quot;true&quot;,&quot;dnt&quot;:&quot;true&quot;,&quot;height&quot;:&quot;none&quot;,&quot;id&quot;:false,&quot;loop&quot;:false,&quot;maxheight&quot;:&quot;none&quot;,&quot;maxwidth&quot;:&quot;none&quot;,&quot;muted&quot;:false,&quot;pip&quot;:false,&quot;playsinline&quot;:&quot;true&quot;,&quot;portrait&quot;:&quot;true&quot;,&quot;quality&quot;:&quot;auto&quot;,&quot;responsive&quot;:&quot;true&quot;,&quot;speed&quot;:false,&quot;texttrack&quot;:&quot;none&quot;,&quot;title&quot;:&quot;true&quot;,&quot;transparent&quot;:true,&quot;url&quot;:&quot;https:\\\/\\\/vimeo.com\\\/968228050&quot;,&quot;width&quot;:&quot;none&quot;}\"><\/div>","protected":false},"excerpt":{"rendered":"<p style=\"text-align: justify;\"><img decoding=\"async\" loading=\"lazy\" class=\"alignnone size-medium wp-image-236592\" src=\"https:\/\/www.rctvinternational.com\/wp-content\/uploads\/2024\/09\/Derrota-Final-Claquet4s-2024-267x300.png\" alt=\"\" width=\"267\" height=\"300\" \/><\/p>\n<p style=\"text-align: justify;\"><img decoding=\"async\" loading=\"lazy\" class=\"alignnone size-full wp-image-232350\" src=\"https:\/\/www.rctvinternational.com\/wp-content\/uploads\/2020\/10\/Sinopsis.png\" alt=\"\" width=\"125\" height=\"57\" \/><\/p>\n<p style=\"text-align: justify;\">Una pareja despu\u00e9s de celebrar su d\u00e9cimo aniversario de matrimonio descubre que su relaci\u00f3n ha llegado a un punto de quiebre. Ella, decidida a no prolongar m\u00e1s el dolor de un amor que parece haberse apagado, le pide el divorcio. Su esposo, aunque dolido, acepta la realidad de que el matrimonio ha fracasado. Ambos comienzan a enfrentarse a la dif\u00edcil tarea de mediar su separaci\u00f3n cuando un suceso inesperado cambia radicalmente el curso de sus vidas.<\/p>\n<p style=\"text-align: justify;\">Estando en su hogar en medio de la tensi\u00f3n son interrumpidos por un grupo de delincuentes que, huyendo de la polic\u00eda, irrumpen en su casa. Sin posibilidad de escapar, la pareja es tomada como reh\u00e9n y obligada a seguir las \u00f3rdenes de estos hombres peligrosos. El miedo, la angustia y la incertidumbre empiezan a dominar la escena, poniendo a prueba no solo su resistencia f\u00edsica, sino tambi\u00e9n emocional.<\/p>\n<p style=\"text-align: justify;\">Sin embargo, en medio de esa situaci\u00f3n extrema, la pareja comienza a reconectarse de maneras inesperadas. La tensi\u00f3n y el peligro los hacen darse cuenta de que, a pesar de los problemas que los llevaron al borde del divorcio, el amor y el respeto mutuo siguen presentes. Lo que parec\u00eda ser el fin de su matrimonio se convierte en una oportunidad para luchar por lo que realmente importa.<\/p>\n<p style=\"text-align: justify;\"><img decoding=\"async\" loading=\"lazy\" class=\"alignnone size-full wp-image-231431\" src=\"https:\/\/www.rctvinternational.com\/wp-content\/uploads\/2020\/04\/deberias-saber-que.jpg\" alt=\"\" width=\"265\" height=\"39\" \/><\/p>\n<p style=\"text-align: justify;\">Doris Wells, la protagonista de esta producci\u00f3n, es una de las actrices m\u00e1s ic\u00f3nicas de Venezuela. Su destacada trayectoria incluye papeles memorables en producciones como<strong> &#8216;G\u00f3mez I&#8217;, &#8216;La se\u00f1ora de C\u00e1rdenas&#8217;, y &#8216;Pobre Negro&#8217;<\/strong>, que la consolidaron como una de las figuras m\u00e1s queridas y respetadas de la televisi\u00f3n venezolana.<\/p>","protected":false},"featured_media":236488,"template":"","meta":{"_et_pb_use_builder":"","_et_pb_old_content":"","_et_gb_content_width":""},"product_cat":[24],"product_tag":[1205,1409,233,1410,727,1264,1411,1214,388],"acf":[],"_links":{"self":[{"href":"http:\/\/3.144.191.25\/en\/wp-json\/wp\/v2\/product\/236485"}],"collection":[{"href":"http:\/\/3.144.191.25\/en\/wp-json\/wp\/v2\/product"}],"about":[{"href":"http:\/\/3.144.191.25\/en\/wp-json\/wp\/v2\/types\/product"}],"wp:featuredmedia":[{"embeddable":true,"href":"http:\/\/3.144.191.25\/en\/wp-json\/wp\/v2\/media\/236488"}],"wp:attachment":[{"href":"http:\/\/3.144.191.25\/en\/wp-json\/wp\/v2\/media?parent=236485"}],"wp:term":[{"taxonomy":"product_cat","embeddable":true,"href":"http:\/\/3.144.191.25\/en\/wp-json\/wp\/v2\/product_cat?post=236485"},{"taxonomy":"product_tag","embeddable":true,"href":"http:\/\/3.144.191.25\/en\/wp-json\/wp\/v2\/product_tag?post=236485"}],"curies":[{"name":"wp","href":"https:\/\/api.w.org\/{rel}","templated":true}]}}