{"id":236493,"date":"2024-09-17T21:34:30","date_gmt":"2024-09-17T21:34:30","guid":{"rendered":"https:\/\/www.rctvinternational.com\/?post_type=product&#038;p=236493"},"modified":"2024-09-18T20:19:14","modified_gmt":"2024-09-18T20:19:14","slug":"el-cachorro","status":"publish","type":"product","link":"http:\/\/3.144.191.25\/en\/product\/el-cachorro\/","title":{"rendered":"El Cachorro"},"content":{"rendered":"<p style=\"text-align: justify;\"><div style=\"width: 100%; min-height: 1px;\" id=\"vimeo-wc-video-6a02299b86b10\" data-js=\"vimeo-wc-video\" data-atts=\"{&quot;autopause&quot;:&quot;true&quot;,&quot;autoplay&quot;:false,&quot;background&quot;:false,&quot;byline&quot;:&quot;true&quot;,&quot;color&quot;:&quot;none&quot;,&quot;controls&quot;:&quot;true&quot;,&quot;dnt&quot;:&quot;true&quot;,&quot;height&quot;:&quot;none&quot;,&quot;id&quot;:false,&quot;loop&quot;:false,&quot;maxheight&quot;:&quot;none&quot;,&quot;maxwidth&quot;:&quot;none&quot;,&quot;muted&quot;:false,&quot;pip&quot;:false,&quot;playsinline&quot;:&quot;true&quot;,&quot;portrait&quot;:&quot;true&quot;,&quot;quality&quot;:&quot;auto&quot;,&quot;responsive&quot;:&quot;true&quot;,&quot;speed&quot;:false,&quot;texttrack&quot;:&quot;none&quot;,&quot;title&quot;:&quot;true&quot;,&quot;transparent&quot;:true,&quot;url&quot;:&quot;https:\\\/\\\/vimeo.com\\\/968185696&quot;,&quot;width&quot;:&quot;none&quot;}\"><\/div><\/p>","protected":false},"excerpt":{"rendered":"<p style=\"text-align: justify;\"><img decoding=\"async\" loading=\"lazy\" class=\"alignnone size-medium wp-image-236566\" src=\"https:\/\/www.rctvinternational.com\/wp-content\/uploads\/2024\/09\/El-Cachorro1-GCDO-Claquetas-2024-267x300.png\" alt=\"\" width=\"267\" height=\"300\" \/><\/p>\n<p style=\"text-align: justify;\"><img decoding=\"async\" loading=\"lazy\" class=\"alignnone size-full wp-image-232350\" src=\"https:\/\/www.rctvinternational.com\/wp-content\/uploads\/2020\/10\/Sinopsis.png\" alt=\"\" width=\"125\" height=\"57\" \/><\/p>\n<p style=\"text-align: justify;\" data-sourcepos=\"5:1-5:387\">Domingo, un ni\u00f1o humilde y trabajador, enfrenta d\u00eda a d\u00eda las duras realidades de la vida. Mientras vende arepas para ayudar a su madre, soporta las burlas y el maltrato de sus compa\u00f1eros, quienes lo menosprecian por su origen humilde.<\/p>\n<p style=\"text-align: justify;\" data-sourcepos=\"5:1-5:387\">A pesar de las dificultades, mantiene una esperanza latente: el anhelo profundo por conocer su pasado.<\/p>\n<p style=\"text-align: justify;\" data-sourcepos=\"7:1-7:314\">Un d\u00eda, un encuentro casual con el cura del pueblo desata una cadena de acontecimientos que cambiar\u00e1n su vida para siempre. El sacerdote, al ver las heridas de Domingo, revela un sorprendente secreto: su padre fue un hombre al que \u00e9l conoci\u00f3 y que compart\u00eda un gran parecido f\u00edsico\u00a0 y de car\u00e1cter con el joven vendedor de arepas.<\/p>\n<p style=\"text-align: justify;\" data-sourcepos=\"9:1-9:368\">Este revelador momento marca el inicio de una b\u00fasqueda que llevar\u00e1 a Domingo a confrontar su identidad y a descubrir qui\u00e9n es realmente.<\/p>\n<p style=\"text-align: justify;\" data-sourcepos=\"9:1-9:368\">Producto del destino, un d\u00eda un hombre a caballo, arrogante y altanero, llega al pueblo y le pregunta al ni\u00f1o qui\u00e9n es su madre y al decirlo se conoce la verdad: el desconocido resulta ser el padre del que hasta ese d\u00eda nada sab\u00eda.<\/p>\n<h3 style=\"text-align: justify;\"><img decoding=\"async\" loading=\"lazy\" class=\"alignnone size-full wp-image-231431\" src=\"https:\/\/www.rctvinternational.com\/wp-content\/uploads\/2020\/04\/deberias-saber-que.jpg\" alt=\"\" width=\"265\" height=\"39\" \/><\/h3>\n<p style=\"text-align: justify;\"><strong>\u00abEl Cachorro\u00bb<\/strong> forma parte del aclamado <strong>\u00abCiclo de oro\u00bb<\/strong> <strong>de Arturo Uslar Pietri<\/strong>, una obra maestra de la literatura venezolana que ha cautivado a generaciones de lectores.<\/p>","protected":false},"featured_media":236494,"template":"","meta":{"_et_pb_use_builder":"","_et_pb_old_content":"","_et_gb_content_width":""},"product_cat":[24],"product_tag":[1404,1403,1301,1405,1204,1214,360,388,1371],"acf":[],"_links":{"self":[{"href":"http:\/\/3.144.191.25\/en\/wp-json\/wp\/v2\/product\/236493"}],"collection":[{"href":"http:\/\/3.144.191.25\/en\/wp-json\/wp\/v2\/product"}],"about":[{"href":"http:\/\/3.144.191.25\/en\/wp-json\/wp\/v2\/types\/product"}],"wp:featuredmedia":[{"embeddable":true,"href":"http:\/\/3.144.191.25\/en\/wp-json\/wp\/v2\/media\/236494"}],"wp:attachment":[{"href":"http:\/\/3.144.191.25\/en\/wp-json\/wp\/v2\/media?parent=236493"}],"wp:term":[{"taxonomy":"product_cat","embeddable":true,"href":"http:\/\/3.144.191.25\/en\/wp-json\/wp\/v2\/product_cat?post=236493"},{"taxonomy":"product_tag","embeddable":true,"href":"http:\/\/3.144.191.25\/en\/wp-json\/wp\/v2\/product_tag?post=236493"}],"curies":[{"name":"wp","href":"https:\/\/api.w.org\/{rel}","templated":true}]}}