{"id":236498,"date":"2024-09-10T20:48:17","date_gmt":"2024-09-10T20:48:17","guid":{"rendered":"https:\/\/www.rctvinternational.com\/?post_type=product&#038;p=236498"},"modified":"2025-09-11T11:14:05","modified_gmt":"2025-09-11T11:14:05","slug":"el-enemigo","status":"publish","type":"product","link":"http:\/\/3.144.191.25\/en\/product\/el-enemigo\/","title":{"rendered":"El Enemigo"},"content":{"rendered":"<div style=\"width: 100%; min-height: 1px;\" id=\"vimeo-wc-video-6a022fc6979c1\" data-js=\"vimeo-wc-video\" data-atts=\"{&quot;autopause&quot;:&quot;true&quot;,&quot;autoplay&quot;:false,&quot;background&quot;:false,&quot;byline&quot;:&quot;true&quot;,&quot;color&quot;:&quot;none&quot;,&quot;controls&quot;:&quot;true&quot;,&quot;dnt&quot;:&quot;true&quot;,&quot;height&quot;:&quot;none&quot;,&quot;id&quot;:false,&quot;loop&quot;:false,&quot;maxheight&quot;:&quot;none&quot;,&quot;maxwidth&quot;:&quot;none&quot;,&quot;muted&quot;:false,&quot;pip&quot;:false,&quot;playsinline&quot;:&quot;true&quot;,&quot;portrait&quot;:&quot;true&quot;,&quot;quality&quot;:&quot;auto&quot;,&quot;responsive&quot;:&quot;true&quot;,&quot;speed&quot;:false,&quot;texttrack&quot;:&quot;none&quot;,&quot;title&quot;:&quot;true&quot;,&quot;transparent&quot;:true,&quot;url&quot;:&quot;https:\\\/\\\/vimeo.com\\\/968187787&quot;,&quot;width&quot;:&quot;none&quot;}\"><\/div>\n<p>&nbsp;<\/p>","protected":false},"excerpt":{"rendered":"<p style=\"text-align: justify;\"><img decoding=\"async\" loading=\"lazy\" class=\"alignnone size-medium wp-image-236567\" src=\"https:\/\/www.rctvinternational.com\/wp-content\/uploads\/2024\/09\/El-Enemigo1-GCDO-Claquetas-2024-267x300.png\" alt=\"\" width=\"267\" height=\"300\" \/><\/p>\n<p style=\"text-align: justify;\"><img decoding=\"async\" loading=\"lazy\" class=\"alignnone size-full wp-image-232350\" src=\"https:\/\/www.rctvinternational.com\/wp-content\/uploads\/2020\/10\/Sinopsis.png\" alt=\"\" width=\"125\" height=\"57\" \/><\/p>\n<p style=\"text-align: justify;\">En los campos de batalla de Venezuela, en medio de la agitaci\u00f3n de la Guerra de Independencia, se desarrolla una historia marcada por la lucha, la traici\u00f3n y las decisiones dif\u00edciles. El sargento Tunapuy aparece en escena, inicialmente confundido con un soldado del ej\u00e9rcito insurgente. A medida que la narrativa avanza, se revela que los enemigos a vencer son los \u00abGodos\u00bb, aquellos que apoyan al dominio espa\u00f1ol y que est\u00e1n decididos a mantener el control sobre la tierra.<\/p>\n<p style=\"text-align: justify;\">El General Sim\u00f3n Bol\u00edvar, en su determinaci\u00f3n por asegurar la libertad de Venezuela, declara la guerra a muerte contra los Godos. Bajo esta orden, los insurgentes comienzan a ejecutar a todo enemigo que capturen, sin importar las circunstancias. El odio y la venganza hierven en las venas de los soldados, que llevan a cabo brutales torturas a aquellos que consideran traidores a su causa. Sin embargo, en medio del caos y la violencia, Bol\u00edvar tambi\u00e9n intenta convencer a los espa\u00f1oles y canarios que viven en estas tierras de que pueden coexistir en paz y armon\u00eda, en un intento desesperado por restablecer la humanidad en medio de tanta barbarie.<\/p>\n<p style=\"text-align: justify;\"><img decoding=\"async\" loading=\"lazy\" class=\"alignnone size-full wp-image-231431\" src=\"https:\/\/www.rctvinternational.com\/wp-content\/uploads\/2020\/04\/deberias-saber-que.jpg\" alt=\"\" width=\"265\" height=\"39\" \/><\/p>\n<p style=\"text-align: justify;\"><strong>El Enemigo<\/strong> es parte del ciclo de producciones de RCTV basadas en las obras de Arturo Uslar Pietri, un destacado intelectual y escritor venezolano. Este ciclo llev\u00f3 a la televisi\u00f3n venezolana adaptaciones de obras literarias significativas de Uslar Pietri, quien es conocido por ser un renovador de la narrativa hist\u00f3rica en Am\u00e9rica Latina.<\/p>","protected":false},"featured_media":236499,"template":"","meta":{"_et_pb_use_builder":"","_et_pb_old_content":"","_et_gb_content_width":""},"product_cat":[24],"product_tag":[],"acf":[],"_links":{"self":[{"href":"http:\/\/3.144.191.25\/en\/wp-json\/wp\/v2\/product\/236498"}],"collection":[{"href":"http:\/\/3.144.191.25\/en\/wp-json\/wp\/v2\/product"}],"about":[{"href":"http:\/\/3.144.191.25\/en\/wp-json\/wp\/v2\/types\/product"}],"wp:featuredmedia":[{"embeddable":true,"href":"http:\/\/3.144.191.25\/en\/wp-json\/wp\/v2\/media\/236499"}],"wp:attachment":[{"href":"http:\/\/3.144.191.25\/en\/wp-json\/wp\/v2\/media?parent=236498"}],"wp:term":[{"taxonomy":"product_cat","embeddable":true,"href":"http:\/\/3.144.191.25\/en\/wp-json\/wp\/v2\/product_cat?post=236498"},{"taxonomy":"product_tag","embeddable":true,"href":"http:\/\/3.144.191.25\/en\/wp-json\/wp\/v2\/product_tag?post=236498"}],"curies":[{"name":"wp","href":"https:\/\/api.w.org\/{rel}","templated":true}]}}