{"id":236503,"date":"2024-09-15T23:28:05","date_gmt":"2024-09-15T23:28:05","guid":{"rendered":"https:\/\/www.rctvinternational.com\/?post_type=product&#038;p=236503"},"modified":"2025-10-02T09:25:04","modified_gmt":"2025-10-02T09:25:04","slug":"simeon-calamaris","status":"publish","type":"product","link":"http:\/\/3.144.191.25\/en\/product\/simeon-calamaris\/","title":{"rendered":"Sime\u00f3n Calamaris"},"content":{"rendered":"<div style=\"width: 100%; min-height: 1px;\" id=\"vimeo-wc-video-6a0215de76edf\" data-js=\"vimeo-wc-video\" data-atts=\"{&quot;autopause&quot;:&quot;true&quot;,&quot;autoplay&quot;:false,&quot;background&quot;:false,&quot;byline&quot;:&quot;true&quot;,&quot;color&quot;:&quot;none&quot;,&quot;controls&quot;:&quot;true&quot;,&quot;dnt&quot;:&quot;true&quot;,&quot;height&quot;:&quot;none&quot;,&quot;id&quot;:false,&quot;loop&quot;:false,&quot;maxheight&quot;:&quot;none&quot;,&quot;maxwidth&quot;:&quot;none&quot;,&quot;muted&quot;:false,&quot;pip&quot;:false,&quot;playsinline&quot;:&quot;true&quot;,&quot;portrait&quot;:&quot;true&quot;,&quot;quality&quot;:&quot;auto&quot;,&quot;responsive&quot;:&quot;true&quot;,&quot;speed&quot;:false,&quot;texttrack&quot;:&quot;none&quot;,&quot;title&quot;:&quot;true&quot;,&quot;transparent&quot;:true,&quot;url&quot;:&quot;https:\\\/\\\/vimeo.com\\\/968216448&quot;,&quot;width&quot;:&quot;none&quot;}\"><\/div>\n<p>&nbsp;<\/p>\n<p>&nbsp;<\/p>","protected":false},"excerpt":{"rendered":"<p style=\"text-align: justify;\"><img decoding=\"async\" loading=\"lazy\" class=\"alignnone size-medium wp-image-236589\" src=\"https:\/\/www.rctvinternational.com\/wp-content\/uploads\/2024\/09\/Simeone-Calamaris-GCDO-Claquetas1-2024-267x300.png\" alt=\"\" width=\"267\" height=\"300\" \/><\/p>\n<p style=\"text-align: justify;\"><img decoding=\"async\" loading=\"lazy\" class=\"alignnone size-full wp-image-232350\" src=\"https:\/\/www.rctvinternational.com\/wp-content\/uploads\/2020\/10\/Sinopsis.png\" alt=\"\" width=\"125\" height=\"57\" \/><\/p>\n<p style=\"text-align: justify;\">Un inquieto estudiante de medicina, \u00e1vido por descubrir los secretos que se esconden tras la muerte, encuentra en la morgue un cad\u00e1ver que llama poderosamente su atenci\u00f3n. El cuerpo pertenece a un hombre que aparentemente falleci\u00f3 por causas naturales en plena calle, una noche cualquiera. Sin embargo, algo en el difunto despierta una obsesi\u00f3n en el joven. Intrigado, el estudiante, se sumerge en el trabajo de disecci\u00f3n y autopsia,\u00a0 y no deja de buscar respuestas sobre ese cuerpo que parece guardar un misterio oculto.<\/p>\n<p style=\"text-align: justify;\">Eventualmente, se percata de que hay algo extra\u00f1o sobre ese cad\u00e1ver; las evidencias no coinciden con la identidad de la persona que se supone es. Con cada observaci\u00f3n, la obsesi\u00f3n del estudiante crece. Lo inexplicable sucede cuando, una noche, en medio de una fiesta, el joven logra ver al mismo hombre que yac\u00eda en la morgue, como si la muerte misma hubiera decidido jugarle una broma macabra. Su mundo, ya confundido entre la vida y la muerte, se convierte en un inquietante laberinto de dudas y revelaciones.<\/p>\n<p style=\"text-align: justify;\"><img decoding=\"async\" loading=\"lazy\" class=\"alignnone size-full wp-image-231431\" src=\"https:\/\/www.rctvinternational.com\/wp-content\/uploads\/2020\/04\/deberias-saber-que.jpg\" alt=\"\" width=\"265\" height=\"39\" \/><\/p>\n<p style=\"text-align: justify;\">El director de esta producci\u00f3n es <strong>Tito Rojas<\/strong>, reconocido por su labor magistral y detallado en esta producci\u00f3n del<strong> Ciclo de Arturo Uslar Pietr<\/strong>i. Adem\u00e1s, Rojas tambi\u00e9n particip\u00f3 como director en el <strong>Ciclo de Oro de R\u00f3mulo Gallegos<\/strong>, donde dirigi\u00f3 varias obras destacadas como: <strong>&#8216;Los Aventureros<\/strong>&#8216;,<strong> &#8216;El Milagro del A\u00f1o&#8217;<\/strong>, <strong>&#8216;Alma Aborigen<\/strong>&#8216; y<strong> &#8216;Las Novias del Mendigo&#8217;.<\/strong><\/p>","protected":false},"featured_media":236588,"template":"","meta":{"_et_pb_use_builder":"","_et_pb_old_content":"","_et_gb_content_width":""},"product_cat":[22,24],"product_tag":[],"acf":[],"_links":{"self":[{"href":"http:\/\/3.144.191.25\/en\/wp-json\/wp\/v2\/product\/236503"}],"collection":[{"href":"http:\/\/3.144.191.25\/en\/wp-json\/wp\/v2\/product"}],"about":[{"href":"http:\/\/3.144.191.25\/en\/wp-json\/wp\/v2\/types\/product"}],"wp:featuredmedia":[{"embeddable":true,"href":"http:\/\/3.144.191.25\/en\/wp-json\/wp\/v2\/media\/236588"}],"wp:attachment":[{"href":"http:\/\/3.144.191.25\/en\/wp-json\/wp\/v2\/media?parent=236503"}],"wp:term":[{"taxonomy":"product_cat","embeddable":true,"href":"http:\/\/3.144.191.25\/en\/wp-json\/wp\/v2\/product_cat?post=236503"},{"taxonomy":"product_tag","embeddable":true,"href":"http:\/\/3.144.191.25\/en\/wp-json\/wp\/v2\/product_tag?post=236503"}],"curies":[{"name":"wp","href":"https:\/\/api.w.org\/{rel}","templated":true}]}}