{"id":236508,"date":"2024-09-26T20:55:28","date_gmt":"2024-09-26T20:55:28","guid":{"rendered":"https:\/\/www.rctvinternational.com\/?post_type=product&#038;p=236508"},"modified":"2025-05-07T23:30:33","modified_gmt":"2025-05-07T23:30:33","slug":"de-oro-puro","status":"publish","type":"product","link":"http:\/\/3.144.191.25\/en\/product\/de-oro-puro\/","title":{"rendered":"De Oro Puro"},"content":{"rendered":"<div style=\"width: 100%; min-height: 1px;\" id=\"vimeo-wc-video-6a020accc5287\" data-js=\"vimeo-wc-video\" data-atts=\"{&quot;autopause&quot;:&quot;true&quot;,&quot;autoplay&quot;:false,&quot;background&quot;:false,&quot;byline&quot;:&quot;true&quot;,&quot;color&quot;:&quot;none&quot;,&quot;controls&quot;:&quot;true&quot;,&quot;dnt&quot;:&quot;true&quot;,&quot;height&quot;:&quot;none&quot;,&quot;id&quot;:false,&quot;loop&quot;:false,&quot;maxheight&quot;:&quot;none&quot;,&quot;maxwidth&quot;:&quot;none&quot;,&quot;muted&quot;:false,&quot;pip&quot;:false,&quot;playsinline&quot;:&quot;true&quot;,&quot;portrait&quot;:&quot;true&quot;,&quot;quality&quot;:&quot;auto&quot;,&quot;responsive&quot;:&quot;true&quot;,&quot;speed&quot;:false,&quot;texttrack&quot;:&quot;none&quot;,&quot;title&quot;:&quot;true&quot;,&quot;transparent&quot;:true,&quot;url&quot;:&quot;https:\\\/\\\/vimeo.com\\\/1011420746&quot;,&quot;width&quot;:&quot;none&quot;}\"><\/div>\n<p>&nbsp;<\/p>\n<p>&nbsp;<\/p>","protected":false},"excerpt":{"rendered":"<p><img decoding=\"async\" loading=\"lazy\" class=\"alignnone size-medium wp-image-236642\" src=\"https:\/\/www.rctvinternational.com\/wp-content\/uploads\/2024\/09\/De-Oro-Puro-Claquetas-2024-226x300.png\" alt=\"\" width=\"226\" height=\"300\" \/><\/p>\n<p><img decoding=\"async\" loading=\"lazy\" class=\"alignnone size-full wp-image-232350\" src=\"https:\/\/www.rctvinternational.com\/wp-content\/uploads\/2020\/10\/Sinopsis.png\" alt=\"\" width=\"125\" height=\"57\" \/><\/p>\n<p style=\"text-align: justify;\" data-sourcepos=\"27:1-27:359\">Mariana, una joven de belleza enigm\u00e1tica, es atormentada por visiones que la conectan con un pasado oscuro y un futuro incierto. Sus poderes sobrenaturales la obligan a enfrentar un destino que parece escrito en las estrellas. Atra\u00edda por el valiente Marum, su vida se entrelaza con la de Auriselvia, una mujer inmortal que busca la eternidad a trav\u00e9s de \u00e9l.<\/p>\n<p style=\"text-align: justify;\" data-sourcepos=\"29:1-29:360\">Auriselvia, atrapada en un ciclo interminable de vida y muerte, ha vivido casi dos mil a\u00f1os. Ahora, con la ayuda de tecnolog\u00eda avanzada, planea unir sus genes con los de Marum para crear un nuevo ser inmortal. Pero Mariana, quien descubre ser hija de Auriselvia, hered\u00f3 tambi\u00e9n el don de la premonici\u00f3n y se convierte en un obst\u00e1culo en los planes de su madre.<\/p>\n<p style=\"text-align: justify;\" data-sourcepos=\"31:1-31:277\">En un mundo donde la magia se entrelaza con la ciencia, Mariana y Marum deber\u00e1n enfrentarse a fuerzas oscuras y tomar decisiones que cambiar\u00e1n sus vidas para siempre. \u00bfPodr\u00e1 el amor verdadero vencer a la inmortalidad? \u00bfY cu\u00e1l ser\u00e1 el precio que deber\u00e1n pagar por la eternidad?<\/p>\n<p style=\"text-align: justify;\"><img decoding=\"async\" loading=\"lazy\" class=\"alignnone size-full wp-image-231431\" src=\"https:\/\/www.rctvinternational.com\/wp-content\/uploads\/2020\/04\/deberias-saber-que.jpg\" alt=\"\" width=\"265\" height=\"39\" \/><\/p>\n<p style=\"text-align: justify;\">Creada por el maestro Julio C\u00e9sar M\u00e1rmol, esta producci\u00f3n mezcla leyendas y f\u00e1bulas del pasado con el presente. Originalmente titulada \u00abPs\u00edquica\u00bb, esta producci\u00f3n nos lleva a explorar la magia oculta en la mente humana, mientras se enfrentan fuerzas oscuras y destinos entrelazados.<\/p>","protected":false},"featured_media":236509,"template":"","meta":{"_et_pb_use_builder":"","_et_pb_old_content":"","_et_gb_content_width":""},"product_cat":[22],"product_tag":[1229,1415,1335,745,388,1416],"acf":[],"_links":{"self":[{"href":"http:\/\/3.144.191.25\/en\/wp-json\/wp\/v2\/product\/236508"}],"collection":[{"href":"http:\/\/3.144.191.25\/en\/wp-json\/wp\/v2\/product"}],"about":[{"href":"http:\/\/3.144.191.25\/en\/wp-json\/wp\/v2\/types\/product"}],"wp:featuredmedia":[{"embeddable":true,"href":"http:\/\/3.144.191.25\/en\/wp-json\/wp\/v2\/media\/236509"}],"wp:attachment":[{"href":"http:\/\/3.144.191.25\/en\/wp-json\/wp\/v2\/media?parent=236508"}],"wp:term":[{"taxonomy":"product_cat","embeddable":true,"href":"http:\/\/3.144.191.25\/en\/wp-json\/wp\/v2\/product_cat?post=236508"},{"taxonomy":"product_tag","embeddable":true,"href":"http:\/\/3.144.191.25\/en\/wp-json\/wp\/v2\/product_tag?post=236508"}],"curies":[{"name":"wp","href":"https:\/\/api.w.org\/{rel}","templated":true}]}}