{"id":236526,"date":"2024-09-25T20:55:05","date_gmt":"2024-09-25T20:55:05","guid":{"rendered":"https:\/\/www.rctvinternational.com\/?post_type=product&#038;p=236526"},"modified":"2025-05-07T23:39:11","modified_gmt":"2025-05-07T23:39:11","slug":"anabel","status":"publish","type":"product","link":"http:\/\/3.144.191.25\/en\/product\/anabel\/","title":{"rendered":"Anabel"},"content":{"rendered":"<div style=\"width: 100%; min-height: 1px;\" id=\"vimeo-wc-video-6a021f779041e\" data-js=\"vimeo-wc-video\" data-atts=\"{&quot;autopause&quot;:&quot;true&quot;,&quot;autoplay&quot;:false,&quot;background&quot;:false,&quot;byline&quot;:&quot;true&quot;,&quot;color&quot;:&quot;none&quot;,&quot;controls&quot;:&quot;true&quot;,&quot;dnt&quot;:&quot;true&quot;,&quot;height&quot;:&quot;none&quot;,&quot;id&quot;:false,&quot;loop&quot;:false,&quot;maxheight&quot;:&quot;none&quot;,&quot;maxwidth&quot;:&quot;none&quot;,&quot;muted&quot;:false,&quot;pip&quot;:false,&quot;playsinline&quot;:&quot;true&quot;,&quot;portrait&quot;:&quot;true&quot;,&quot;quality&quot;:&quot;auto&quot;,&quot;responsive&quot;:&quot;true&quot;,&quot;speed&quot;:false,&quot;texttrack&quot;:&quot;none&quot;,&quot;title&quot;:&quot;true&quot;,&quot;transparent&quot;:true,&quot;url&quot;:&quot;https:\\\/\\\/vimeo.com\\\/968340348&quot;,&quot;width&quot;:&quot;none&quot;}\"><\/div>\n<p>&nbsp;<\/p>","protected":false},"excerpt":{"rendered":"<p><img decoding=\"async\" loading=\"lazy\" class=\"alignnone size-medium wp-image-236641\" src=\"https:\/\/www.rctvinternational.com\/wp-content\/uploads\/2024\/08\/Anabel-Claquetas-2024-226x300.png\" alt=\"\" width=\"226\" height=\"300\" \/><\/p>\n<p><img decoding=\"async\" loading=\"lazy\" class=\"alignnone size-full wp-image-232350\" src=\"https:\/\/www.rctvinternational.com\/wp-content\/uploads\/2020\/10\/Sinopsis.png\" alt=\"\" width=\"125\" height=\"57\" \/><\/p>\n<p>Un joven ejecutivo, Carlos Eduardo, regresa a Venezuela impulsado por un oscuro secreto familiar. A\u00f1os atr\u00e1s, su padre, un hombre honorable, fue acusado falsamente de un crimen y obligado a exiliarse.<\/p>\n<p>Con un coraz\u00f3n lleno de resentimiento, Carlos est\u00e1 decidido a desenmascarar a los culpables y vengar la memoria de su padre, tal como se lo prometi\u00f3.<\/p>\n<p>Sin embargo, un nuevo descubrimiento lo sumerge en un peligroso juego de intrigas, donde las l\u00edneas entre el bien y el mal se difuminan. Consumido por el odio, construye una red de aliados dispuestos a todo con tal de llevar a cabo su plan<\/p>\n<p>Sin embargo, el destino lo cruza con Anabel, una joven cuya inocencia contrasta con la oscuridad que lo rodea. A medida que se adentra en su misi\u00f3n, Carlos se enfrenta a un dilema cada vez m\u00e1s complejo: \u00bfPodr\u00e1 el amor de una mujer desviar el curso de su implacable venganza? O, por el contrario, \u00bfla lealtad a su padre lo llevar\u00e1 a tomar decisiones extremas?<\/p>\n<p><img decoding=\"async\" loading=\"lazy\" class=\"alignnone size-full wp-image-231431\" src=\"https:\/\/www.rctvinternational.com\/wp-content\/uploads\/2020\/04\/deberias-saber-que.jpg\" alt=\"\" width=\"265\" height=\"39\" \/><\/p>\n<p>Carlos Mata, el protagonista de esta historia, es una leyenda de la televisi\u00f3n venezolana. Adem\u00e1s de su inolvidable participaci\u00f3n en \u00e9xitos como &#8216;<strong>Cristal&#8217;<\/strong> y &#8216;<strong>Se\u00f1ora&#8217;<\/strong>, es tambi\u00e9n un cantante de gran talento. Incluso grab\u00f3 el tema para esta telenovela, demostrando su versatilidad art\u00edstica.<\/p>\n<p>&nbsp;<\/p>","protected":false},"featured_media":236528,"template":"","meta":{"_et_pb_use_builder":"","_et_pb_old_content":"","_et_gb_content_width":""},"product_cat":[22],"product_tag":[1417,245,1363,745,1214,388,1418,670,1416],"acf":[],"_links":{"self":[{"href":"http:\/\/3.144.191.25\/en\/wp-json\/wp\/v2\/product\/236526"}],"collection":[{"href":"http:\/\/3.144.191.25\/en\/wp-json\/wp\/v2\/product"}],"about":[{"href":"http:\/\/3.144.191.25\/en\/wp-json\/wp\/v2\/types\/product"}],"wp:featuredmedia":[{"embeddable":true,"href":"http:\/\/3.144.191.25\/en\/wp-json\/wp\/v2\/media\/236528"}],"wp:attachment":[{"href":"http:\/\/3.144.191.25\/en\/wp-json\/wp\/v2\/media?parent=236526"}],"wp:term":[{"taxonomy":"product_cat","embeddable":true,"href":"http:\/\/3.144.191.25\/en\/wp-json\/wp\/v2\/product_cat?post=236526"},{"taxonomy":"product_tag","embeddable":true,"href":"http:\/\/3.144.191.25\/en\/wp-json\/wp\/v2\/product_tag?post=236526"}],"curies":[{"name":"wp","href":"https:\/\/api.w.org\/{rel}","templated":true}]}}