{"id":236729,"date":"2025-02-13T17:07:12","date_gmt":"2025-02-13T17:07:12","guid":{"rendered":"https:\/\/www.rctvinternational.com\/?post_type=product&#038;p=236729"},"modified":"2025-08-18T15:49:17","modified_gmt":"2025-08-18T15:49:17","slug":"atrevete-a-sonar","status":"publish","type":"product","link":"http:\/\/3.144.191.25\/en\/product\/atrevete-a-sonar\/","title":{"rendered":"Atr\u00e9vete A So\u00f1ar"},"content":{"rendered":"<div style=\"width: 100%; min-height: 1px;\" id=\"vimeo-wc-video-6a020b650fc17\" data-js=\"vimeo-wc-video\" data-atts=\"{&quot;autopause&quot;:&quot;true&quot;,&quot;autoplay&quot;:false,&quot;background&quot;:false,&quot;byline&quot;:&quot;true&quot;,&quot;color&quot;:&quot;none&quot;,&quot;controls&quot;:&quot;true&quot;,&quot;dnt&quot;:&quot;true&quot;,&quot;height&quot;:&quot;none&quot;,&quot;id&quot;:false,&quot;loop&quot;:false,&quot;maxheight&quot;:&quot;none&quot;,&quot;maxwidth&quot;:&quot;none&quot;,&quot;muted&quot;:false,&quot;pip&quot;:false,&quot;playsinline&quot;:&quot;true&quot;,&quot;portrait&quot;:&quot;true&quot;,&quot;quality&quot;:&quot;auto&quot;,&quot;responsive&quot;:&quot;true&quot;,&quot;speed&quot;:false,&quot;texttrack&quot;:&quot;none&quot;,&quot;title&quot;:&quot;true&quot;,&quot;transparent&quot;:true,&quot;url&quot;:&quot;https:\\\/\\\/vimeo.com\\\/1107215498&quot;,&quot;width&quot;:&quot;none&quot;}\"><\/div>\n<p>&nbsp;<\/p>","protected":false},"excerpt":{"rendered":"<p><img decoding=\"async\" loading=\"lazy\" class=\"alignnone size-medium wp-image-237227\" src=\"https:\/\/www.rctvinternational.com\/wp-content\/uploads\/2025\/02\/Claqueta-Atrevete-a-sonar--226x300.png\" alt=\"\" width=\"226\" height=\"300\" \/><\/p>\n<p style=\"text-align: justify;\"><img decoding=\"async\" loading=\"lazy\" class=\"alignnone size-full wp-image-232350\" src=\"https:\/\/www.rctvinternational.com\/wp-content\/uploads\/2020\/10\/Sinopsis.png\" alt=\"\" width=\"125\" height=\"57\" \/><\/p>\n<p style=\"text-align: justify;\"><strong>\u2018Atr\u00e9vete A So\u00f1ar\u2019<\/strong>\u00a0m\u00e1s que un programa de televisi\u00f3n; fue un fen\u00f3meno que marc\u00f3 una \u00e9poca. Conducido por los carism\u00e1ticos <strong>Nelson Bustamante y Yalimar Salom\u00f3n, y Mar\u00eda Alejandra Requena<\/strong> (durante la primera temporada), este show cautiv\u00f3 a millones de venezolanos con su energ\u00eda, positivismo y su capacidad para hacer realidad los sue\u00f1os.<\/p>\n<p style=\"text-align: justify;\" data-sourcepos=\"9:1-9:427\">En <strong>\u2018Atr\u00e9vete A So\u00f1ar\u2019<\/strong> no hay l\u00edmites para so\u00f1ar. El programa maravilla con premios, obsequios y concursos emocionantes. Segmentos como <strong>\u2018<\/strong>El Viaje Explosivo<strong>\u2019<\/strong>, <strong>\u2018<\/strong>Comando Sorpresa<strong>\u2019<\/strong>, <strong>\u2018<\/strong>Sue\u00f1os<strong>\u2019<\/strong> y <strong>\u2018<\/strong>El Juego del Medio Mill\u00f3n de D\u00f3lares<strong>\u2019<\/strong> ofrecen experiencias inolvidables. Adem\u00e1s, la secci\u00f3n de los <strong>\u2018<\/strong>Atrevidos<strong>\u2019<\/strong> muestra talentos e historias inolvidables.<\/p>\n<p style=\"text-align: justify;\" data-sourcepos=\"11:1-11:427\">No hay barreras cuando de so\u00f1ar se trata. Y esto ha sido demostrado en innumerables ocasiones. Desde el inicio del programa, <strong>\u2018Atr\u00e9vete a So\u00f1ar\u2019<\/strong>\u00a0ha cumplido los deseos de miles de personas, tanto dentro como fuera de Venezuela. Desde la\u00a0 ni\u00f1a que conoci\u00f3 a su \u00eddolo <strong>Ricky Martin<\/strong> o al adolescente que comparti\u00f3 con <strong>Andr\u00e9s Galarraga<\/strong>, son cientos los sue\u00f1os hechos realidad gracias a este programa.<\/p>\n<p style=\"text-align: justify;\"><img decoding=\"async\" loading=\"lazy\" class=\"alignnone size-full wp-image-231431\" src=\"https:\/\/www.rctvinternational.com\/wp-content\/uploads\/2020\/04\/deberias-saber-que.jpg\" alt=\"\" width=\"265\" height=\"39\" \/><\/p>\n<p style=\"text-align: justify;\"><strong>\u2018Atr\u00e9vete A So\u00f1ar\u2019<\/strong>\u00a0fue un programa pionero en Venezuela desde su primera transmisi\u00f3n, ofreciendo una plataforma real de desarrollo para los j\u00f3venes. El programa sorprendi\u00f3 a <strong>Nelson Bustamante<\/strong>, su conductor, al anunciarle en vivo su nombramiento como embajador de<strong> UNICEF Venezuela<\/strong>, un reconocimiento que subray\u00f3 el compromiso con causas sociales y la influencia positiva en la juventud del pa\u00eds.<\/p>","protected":false},"featured_media":236787,"template":"","meta":{"_et_pb_use_builder":"","_et_pb_old_content":"","_et_gb_content_width":""},"product_cat":[25],"product_tag":[1455,1205,1459,745,1457,1249,1191,1456,1458,1206],"acf":[],"_links":{"self":[{"href":"http:\/\/3.144.191.25\/en\/wp-json\/wp\/v2\/product\/236729"}],"collection":[{"href":"http:\/\/3.144.191.25\/en\/wp-json\/wp\/v2\/product"}],"about":[{"href":"http:\/\/3.144.191.25\/en\/wp-json\/wp\/v2\/types\/product"}],"wp:featuredmedia":[{"embeddable":true,"href":"http:\/\/3.144.191.25\/en\/wp-json\/wp\/v2\/media\/236787"}],"wp:attachment":[{"href":"http:\/\/3.144.191.25\/en\/wp-json\/wp\/v2\/media?parent=236729"}],"wp:term":[{"taxonomy":"product_cat","embeddable":true,"href":"http:\/\/3.144.191.25\/en\/wp-json\/wp\/v2\/product_cat?post=236729"},{"taxonomy":"product_tag","embeddable":true,"href":"http:\/\/3.144.191.25\/en\/wp-json\/wp\/v2\/product_tag?post=236729"}],"curies":[{"name":"wp","href":"https:\/\/api.w.org\/{rel}","templated":true}]}}