{"id":236858,"date":"2024-12-18T21:20:39","date_gmt":"2024-12-18T21:20:39","guid":{"rendered":"https:\/\/www.rctvinternational.com\/?post_type=product&#038;p=236858"},"modified":"2025-06-26T19:19:28","modified_gmt":"2025-06-26T19:19:28","slug":"la-hija-de-juana-crespo","status":"publish","type":"product","link":"http:\/\/3.144.191.25\/en\/product\/la-hija-de-juana-crespo\/","title":{"rendered":"La Hija De Juana Crespo"},"content":{"rendered":"<div style=\"width: 100%; min-height: 1px;\" id=\"vimeo-wc-video-6a020b672f1a3\" data-js=\"vimeo-wc-video\" data-atts=\"{&quot;autopause&quot;:&quot;true&quot;,&quot;autoplay&quot;:false,&quot;background&quot;:false,&quot;byline&quot;:&quot;true&quot;,&quot;color&quot;:&quot;none&quot;,&quot;controls&quot;:&quot;true&quot;,&quot;dnt&quot;:&quot;true&quot;,&quot;height&quot;:&quot;none&quot;,&quot;id&quot;:false,&quot;loop&quot;:false,&quot;maxheight&quot;:&quot;none&quot;,&quot;maxwidth&quot;:&quot;none&quot;,&quot;muted&quot;:false,&quot;pip&quot;:false,&quot;playsinline&quot;:&quot;true&quot;,&quot;portrait&quot;:&quot;true&quot;,&quot;quality&quot;:&quot;auto&quot;,&quot;responsive&quot;:&quot;true&quot;,&quot;speed&quot;:false,&quot;texttrack&quot;:&quot;none&quot;,&quot;title&quot;:&quot;true&quot;,&quot;transparent&quot;:true,&quot;url&quot;:&quot;https:\\\/\\\/vimeo.com\\\/1056807189&quot;,&quot;width&quot;:&quot;none&quot;}\"><\/div>\n<p>&nbsp;<\/p>","protected":false},"excerpt":{"rendered":"<p style=\"text-align: justify;\"><img decoding=\"async\" loading=\"lazy\" class=\"alignnone size-medium wp-image-236863\" src=\"https:\/\/www.rctvinternational.com\/wp-content\/uploads\/2024\/12\/Claqueta-La-Hija-de-Juana-crespo-226x300.png\" alt=\"\" width=\"226\" height=\"300\" \/><\/p>\n<p style=\"text-align: justify;\"><img decoding=\"async\" loading=\"lazy\" class=\"alignnone size-full wp-image-232350\" src=\"https:\/\/www.rctvinternational.com\/wp-content\/uploads\/2020\/10\/Sinopsis.png\" alt=\"\" width=\"125\" height=\"57\" \/><\/p>\n<p style=\"text-align: justify;\" data-sourcepos=\"5:1-5:428\"><strong>La Hija de Juana Crespo<\/strong> es un crudo retrato de la realidad social venezolana de los 70, donde las desigualdades y las estructuras patriarcales marcan la vida de las mujeres. Juana Crespo, una madre soltera y trabajadora, dedica su vida a sacar adelante a sus hijos, pero ve con dolor c\u00f3mo su hija Diana repite su historia: abandono paterno, maternidad adolescente y la lucha por construir una familia en un contexto adverso.<\/p>\n<p style=\"text-align: justify;\" data-sourcepos=\"7:1-7:463\">Ambas mujeres, Juana y Diana, se enfrentan a la ausencia de figuras paternas y a las consecuencias de haber sido abandonadas. Sin embargo, a lo largo de sus vidas, se cruzan con hombres que, a pesar de no ser los padres biol\u00f3gicos de sus hijos, desean asumir ese rol y brindarles un hogar. Estos hombres, como Miguel y David, representan una esperanza en medio de la adversidad y demuestran que no todos los hombres son indiferentes al sufrimiento de las mujeres.<\/p>\n<p style=\"text-align: justify;\" data-sourcepos=\"9:1-9:453\">La telenovela explora los complejos lazos familiares, las expectativas sociales y las consecuencias del machismo. A trav\u00e9s de las historias de Juana y Diana, se cuestiona los roles de g\u00e9nero y las normas sociales que limitan las opciones de las mujeres. Tambi\u00e9n profundiza en las consecuencias del abandono paterno, tanto para las madres como para los hijos, y en la importancia de la resiliencia y la solidaridad femenina para superar las adversidades.<\/p>\n<p style=\"text-align: justify;\"><img decoding=\"async\" loading=\"lazy\" class=\"alignnone size-full wp-image-231431\" src=\"https:\/\/www.rctvinternational.com\/wp-content\/uploads\/2020\/04\/deberias-saber-que.jpg\" alt=\"\" width=\"265\" height=\"39\" \/><\/p>\n<p style=\"text-align: justify;\">Escrita por los reconocidos, <strong>Salvador Garmendia y Jos\u00e9 Ignacio Cabrujas<\/strong>, <strong>\u2018<\/strong><strong>La Hija de Juana Crespo\u2019<\/strong>\u00a0fue una de las primeras telenovelas venezolanas en abordar temas sociales de manera realista y profunda. Su impacto trascendi\u00f3 las fronteras de Venezuela, convirti\u00e9ndose en un referente de la televisi\u00f3n latinoamericana. La telenovela marc\u00f3 un hito en la historia audiovisual del continente por su calidad narrativa y su capacidad para conectar con el p\u00fablico.<\/p>","protected":false},"featured_media":236859,"template":"","meta":{"_et_pb_use_builder":"","_et_pb_old_content":"","_et_gb_content_width":""},"product_cat":[22],"product_tag":[1404,1504,1506,1505,388,1507,1186,1371],"acf":[],"_links":{"self":[{"href":"http:\/\/3.144.191.25\/en\/wp-json\/wp\/v2\/product\/236858"}],"collection":[{"href":"http:\/\/3.144.191.25\/en\/wp-json\/wp\/v2\/product"}],"about":[{"href":"http:\/\/3.144.191.25\/en\/wp-json\/wp\/v2\/types\/product"}],"wp:featuredmedia":[{"embeddable":true,"href":"http:\/\/3.144.191.25\/en\/wp-json\/wp\/v2\/media\/236859"}],"wp:attachment":[{"href":"http:\/\/3.144.191.25\/en\/wp-json\/wp\/v2\/media?parent=236858"}],"wp:term":[{"taxonomy":"product_cat","embeddable":true,"href":"http:\/\/3.144.191.25\/en\/wp-json\/wp\/v2\/product_cat?post=236858"},{"taxonomy":"product_tag","embeddable":true,"href":"http:\/\/3.144.191.25\/en\/wp-json\/wp\/v2\/product_tag?post=236858"}],"curies":[{"name":"wp","href":"https:\/\/api.w.org\/{rel}","templated":true}]}}