{"id":237219,"date":"2025-08-19T17:46:58","date_gmt":"2025-08-19T17:46:58","guid":{"rendered":"https:\/\/www.rctvinternational.com\/?post_type=product&#038;p=237219"},"modified":"2026-03-16T15:38:43","modified_gmt":"2026-03-16T15:38:43","slug":"pura-pinta","status":"publish","type":"product","link":"http:\/\/3.144.191.25\/en\/product\/pura-pinta\/","title":{"rendered":"Pura Pinta"},"content":{"rendered":"<div style=\"width: 100%; min-height: 1px;\" id=\"vimeo-wc-video-6a021fcc01f63\" data-js=\"vimeo-wc-video\" data-atts=\"{&quot;autopause&quot;:&quot;true&quot;,&quot;autoplay&quot;:false,&quot;background&quot;:false,&quot;byline&quot;:&quot;true&quot;,&quot;color&quot;:&quot;none&quot;,&quot;controls&quot;:&quot;true&quot;,&quot;dnt&quot;:&quot;true&quot;,&quot;height&quot;:&quot;none&quot;,&quot;id&quot;:false,&quot;loop&quot;:false,&quot;maxheight&quot;:&quot;none&quot;,&quot;maxwidth&quot;:&quot;none&quot;,&quot;muted&quot;:false,&quot;pip&quot;:false,&quot;playsinline&quot;:&quot;true&quot;,&quot;portrait&quot;:&quot;true&quot;,&quot;quality&quot;:&quot;auto&quot;,&quot;responsive&quot;:&quot;true&quot;,&quot;speed&quot;:false,&quot;texttrack&quot;:&quot;none&quot;,&quot;title&quot;:&quot;true&quot;,&quot;transparent&quot;:true,&quot;url&quot;:&quot;https:\\\/\\\/vimeo.com\\\/1107206647&quot;,&quot;width&quot;:&quot;none&quot;}\"><\/div>\n<p>&nbsp;<\/p>","protected":false},"excerpt":{"rendered":"<p style=\"text-align: justify;\"><img decoding=\"async\" loading=\"lazy\" class=\"alignnone size-medium wp-image-237225\" src=\"https:\/\/www.rctvinternational.com\/wp-content\/uploads\/2025\/08\/Claqueta-Pura-Pinta-2007-213x300.png\" alt=\"\" width=\"213\" height=\"300\" \/><\/p>\n<p style=\"text-align: justify;\"><img decoding=\"async\" loading=\"lazy\" class=\"alignnone size-full wp-image-232350\" src=\"https:\/\/www.rctvinternational.com\/wp-content\/uploads\/2020\/10\/Sinopsis.png\" alt=\"\" width=\"125\" height=\"57\" \/><\/p>\n<p dir=\"ltr\" style=\"text-align: justify;\">En la bulliciosa Caracas, llena de vida y de historias, un grupo de j\u00f3venes cruza sus caminos por error en un peque\u00f1o departamento de dos habitaciones. El sue\u00f1o de todos: estudiar Comunicaci\u00f3n Social en Caracas. Ninguno de ellos se conoce, pero una confusi\u00f3n con la direcci\u00f3n del departamento los re\u00fane bajo un mismo techo. Cada uno viene de distintos rincones del pa\u00eds y con pasados dispares, convencidos de que esa vivienda ser\u00e1 su nuevo hogar.<\/p>\n<p dir=\"ltr\" style=\"text-align: justify;\">El primer d\u00eda fue un caos para todos. Algunos vienen de familias humildes que han hecho sacrificios para enviarlos a estudiar; otros, de entornos m\u00e1s acomodados, cargan con el peso de expectativas y apellidos. Pero en esa sala estrecha, comienzan a descubrir que tienen mucho m\u00e1s en com\u00fan de lo que pensaban a pesar de los contrastes.<\/p>\n<p style=\"text-align: justify;\"><span style=\"font-weight: 400;\">Con el paso del tiempo, la fr\u00edvola Bella Scarton McGill (<\/span><b>Abril Schreiber<\/b><span style=\"font-weight: 400;\">) encontrar\u00e1 el amor en Dar\u00edo Marcano <\/span><b>(Oscar Cabrera<\/b><span style=\"font-weight: 400;\">), un joven disciplinado y audaz entre libros y horarios, due\u00f1o de la residencia.\u00a0 Mientras tanto, Mauricio Sangronis es un metrosexual que convierte la vida en una pasarela improvisada; Omar Losada es un rom\u00e1ntico sin remedio, Maribel Rond\u00f3n, una joven coqueta que enciende chispas; Marcelo, gran amigo de Dar\u00edo imprudente y alocado. Martina Ruiz es la solidaria del grupo; y Graciela Leal \u201cla cerebrito\u201d, deja el alma en sus estudios.<\/span><\/p>\n<p style=\"text-align: justify;\"><span style=\"font-weight: 400;\">Al final, all\u00ed, donde todo empez\u00f3 como una confusi\u00f3n, nacer\u00e1n amistades y amores inesperados, que ninguno olvidar\u00e1.\u00a0<\/span><\/p>\n<p style=\"text-align: justify;\"><img decoding=\"async\" loading=\"lazy\" class=\"alignnone size-full wp-image-231431\" src=\"https:\/\/www.rctvinternational.com\/wp-content\/uploads\/2020\/04\/deberias-saber-que.jpg\" alt=\"\" width=\"265\" height=\"39\" \/><\/p>\n<p style=\"text-align: justify;\">L\u00edder en su franja juvenil y conectada con una generaci\u00f3n que se identifica con la vida universitaria, <strong>Pura Pinta<\/strong> destac\u00f3 por su frescura, su est\u00e9tica moderna y su capacidad para reflejar las experiencias de los j\u00f3venes. Creada por Daniel Ferrer Cubill\u00e1n y protagonizada por <strong>Abril Schreiber <\/strong>y<strong> Oscar Cabrera<\/strong>, se consolid\u00f3 como una de las producciones juveniles m\u00e1s recordadas del cat\u00e1logo de RCTV.<\/p>\n<p style=\"text-align: justify;\">","protected":false},"featured_media":237221,"template":"","meta":{"_et_pb_use_builder":"","_et_pb_old_content":"","_et_gb_content_width":""},"product_cat":[27,23],"product_tag":[],"acf":[],"_links":{"self":[{"href":"http:\/\/3.144.191.25\/en\/wp-json\/wp\/v2\/product\/237219"}],"collection":[{"href":"http:\/\/3.144.191.25\/en\/wp-json\/wp\/v2\/product"}],"about":[{"href":"http:\/\/3.144.191.25\/en\/wp-json\/wp\/v2\/types\/product"}],"wp:featuredmedia":[{"embeddable":true,"href":"http:\/\/3.144.191.25\/en\/wp-json\/wp\/v2\/media\/237221"}],"wp:attachment":[{"href":"http:\/\/3.144.191.25\/en\/wp-json\/wp\/v2\/media?parent=237219"}],"wp:term":[{"taxonomy":"product_cat","embeddable":true,"href":"http:\/\/3.144.191.25\/en\/wp-json\/wp\/v2\/product_cat?post=237219"},{"taxonomy":"product_tag","embeddable":true,"href":"http:\/\/3.144.191.25\/en\/wp-json\/wp\/v2\/product_tag?post=237219"}],"curies":[{"name":"wp","href":"https:\/\/api.w.org\/{rel}","templated":true}]}}