{"id":237436,"date":"2026-03-18T11:13:05","date_gmt":"2026-03-18T11:13:05","guid":{"rendered":"https:\/\/www.rctvinternational.com\/?post_type=product&#038;p=237436"},"modified":"2026-03-18T14:03:26","modified_gmt":"2026-03-18T14:03:26","slug":"federrico","status":"publish","type":"product","link":"http:\/\/3.144.191.25\/en\/product\/federrico\/","title":{"rendered":"Federrico"},"content":{"rendered":"<p><span style=\"font-weight: 400;\"> <div style=\"width: 100%; min-height: 1px;\" id=\"vimeo-wc-video-6a023e311f5b4\" data-js=\"vimeo-wc-video\" data-atts=\"{&quot;autopause&quot;:&quot;true&quot;,&quot;autoplay&quot;:false,&quot;background&quot;:false,&quot;byline&quot;:&quot;true&quot;,&quot;color&quot;:&quot;none&quot;,&quot;controls&quot;:&quot;true&quot;,&quot;dnt&quot;:&quot;true&quot;,&quot;height&quot;:&quot;none&quot;,&quot;id&quot;:false,&quot;loop&quot;:false,&quot;maxheight&quot;:&quot;none&quot;,&quot;maxwidth&quot;:&quot;none&quot;,&quot;muted&quot;:false,&quot;pip&quot;:false,&quot;playsinline&quot;:&quot;true&quot;,&quot;portrait&quot;:&quot;true&quot;,&quot;quality&quot;:&quot;auto&quot;,&quot;responsive&quot;:&quot;true&quot;,&quot;speed&quot;:false,&quot;texttrack&quot;:&quot;none&quot;,&quot;title&quot;:&quot;true&quot;,&quot;transparent&quot;:true,&quot;url&quot;:&quot;https:\\\/\\\/vimeo.com\\\/1157311643&quot;,&quot;width&quot;:&quot;none&quot;}\"><\/div><\/span><\/p>","protected":false},"excerpt":{"rendered":"<p><img decoding=\"async\" loading=\"lazy\" class=\"alignnone size-medium wp-image-237482\" src=\"https:\/\/www.rctvinternational.com\/wp-content\/uploads\/2026\/03\/Claqueta-Federrico-A-226x300.png\" alt=\"\" width=\"226\" height=\"300\" \/><\/p>\n<p><img decoding=\"async\" loading=\"lazy\" class=\"alignnone size-full wp-image-232350\" src=\"https:\/\/www.rctvinternational.com\/wp-content\/uploads\/2020\/10\/Sinopsis.png\" alt=\"\" width=\"125\" height=\"57\" \/><\/p>\n<p><span style=\"font-weight: 400;\">En una bulliciosa comunidad vive un ni\u00f1o \u00fanico, Federrico (<\/span><b>Carlos Villagr\u00e1n<\/b><span style=\"font-weight: 400;\">), que con su traje marinero, su gorra inolvidable y sus ocurrencias convierte cada d\u00eda en una aventura llena de humor y travesuras. Aunque en apariencia es un chico malcriado e inquieto, bajo esa fachada se esconde un coraz\u00f3n de oro que no deja de sorprender a quienes lo rodean.\u00a0<\/span><\/p>\n<p><span style=\"font-weight: 400;\">Federrico vive momentos hilarantes con amistades tan singulares como \u00e9l, nunca est\u00e1 solo: su familia va m\u00e1s all\u00e1 de los lazos sangu\u00edneos. Su vecino, Don Moncho (<\/span><b>Ram\u00f3n Vald\u00e9s<\/b><span style=\"font-weight: 400;\">), de car\u00e1cter gru\u00f1\u00f3n, se irrita cada vez que el ni\u00f1o lo vuelve loco con una nueva travesura. Est\u00e1 su t\u00edo viejito, compa\u00f1ero de risas y consejos; un bondadoso t\u00edo postizo que es gerente de banco.<\/span><\/p>\n<p><span style=\"font-weight: 400;\">En medio de sus d\u00edas divertidos y llenos de confusiones, Federrico comparte su cotidianidad con la complicidad de Do\u00f1a Carlota (<\/span><b>Nancy Soto<\/b><span style=\"font-weight: 400;\">), su madre suplente, due\u00f1a de una tienda local donde vende arepas. Con cada ocurrencia de Federrico, Carlota lo rega\u00f1a con amor y paciencia; la hermana de ella, cuida de todos como si fueran sus propios hermanos; y un polic\u00eda que se desvive por protegerlo. Tambi\u00e9n est\u00e1 la maestra Milagros, por quien Federrico siente un tierno enamoramiento.<\/span><\/p>\n<p><img decoding=\"async\" loading=\"lazy\" class=\"alignnone size-full wp-image-231431\" src=\"https:\/\/www.rctvinternational.com\/wp-content\/uploads\/2020\/04\/deberias-saber-que.jpg\" alt=\"\" width=\"265\" height=\"39\" \/><\/p>\n<p><b>\u2018Federrico\u2019<\/b> <span style=\"font-weight: 400;\">marc\u00f3 el regreso protag\u00f3nico de Carlos Villagr\u00e1n tras su salida de \u2018<\/span><b>El Chavo del 8\u2019<\/b><b><i>,<\/i><\/b><span style=\"font-weight: 400;\"> uniendo nuevamente a <\/span><b>Villagr\u00e1n<\/b><span style=\"font-weight: 400;\"> y <\/span><b>Ram\u00f3n Vald\u00e9s<\/b><span style=\"font-weight: 400;\"> en la pantalla de <\/span><b>RCTV<\/b><span style=\"font-weight: 400;\">. Adem\u00e1s\u00a0 reuni\u00f3 talento venezolano y mexicano en una divertida fusi\u00f3n de comedia familiar en la televisi\u00f3n nacional.<\/span><\/p>","protected":false},"featured_media":237438,"template":"","meta":{"_et_pb_use_builder":"","_et_pb_old_content":"","_et_gb_content_width":""},"product_cat":[25],"product_tag":[],"acf":[],"_links":{"self":[{"href":"http:\/\/3.144.191.25\/en\/wp-json\/wp\/v2\/product\/237436"}],"collection":[{"href":"http:\/\/3.144.191.25\/en\/wp-json\/wp\/v2\/product"}],"about":[{"href":"http:\/\/3.144.191.25\/en\/wp-json\/wp\/v2\/types\/product"}],"wp:featuredmedia":[{"embeddable":true,"href":"http:\/\/3.144.191.25\/en\/wp-json\/wp\/v2\/media\/237438"}],"wp:attachment":[{"href":"http:\/\/3.144.191.25\/en\/wp-json\/wp\/v2\/media?parent=237436"}],"wp:term":[{"taxonomy":"product_cat","embeddable":true,"href":"http:\/\/3.144.191.25\/en\/wp-json\/wp\/v2\/product_cat?post=237436"},{"taxonomy":"product_tag","embeddable":true,"href":"http:\/\/3.144.191.25\/en\/wp-json\/wp\/v2\/product_tag?post=237436"}],"curies":[{"name":"wp","href":"https:\/\/api.w.org\/{rel}","templated":true}]}}