{"id":237442,"date":"2026-03-09T14:24:24","date_gmt":"2026-03-09T14:24:24","guid":{"rendered":"https:\/\/www.rctvinternational.com\/?post_type=product&#038;p=237442"},"modified":"2026-03-16T17:59:47","modified_gmt":"2026-03-16T17:59:47","slug":"el-nuevo-show-de-federrico","status":"publish","type":"product","link":"http:\/\/3.144.191.25\/en\/product\/el-nuevo-show-de-federrico\/","title":{"rendered":"El Nuevo Show de Federrico"},"content":{"rendered":"<div style=\"width: 100%; min-height: 1px;\" id=\"vimeo-wc-video-6a024fef6f5dd\" data-js=\"vimeo-wc-video\" data-atts=\"{&quot;autopause&quot;:&quot;true&quot;,&quot;autoplay&quot;:false,&quot;background&quot;:false,&quot;byline&quot;:&quot;true&quot;,&quot;color&quot;:&quot;none&quot;,&quot;controls&quot;:&quot;true&quot;,&quot;dnt&quot;:&quot;true&quot;,&quot;height&quot;:&quot;none&quot;,&quot;id&quot;:false,&quot;loop&quot;:false,&quot;maxheight&quot;:&quot;none&quot;,&quot;maxwidth&quot;:&quot;none&quot;,&quot;muted&quot;:false,&quot;pip&quot;:false,&quot;playsinline&quot;:&quot;true&quot;,&quot;portrait&quot;:&quot;true&quot;,&quot;quality&quot;:&quot;auto&quot;,&quot;responsive&quot;:&quot;true&quot;,&quot;speed&quot;:false,&quot;texttrack&quot;:&quot;none&quot;,&quot;title&quot;:&quot;true&quot;,&quot;transparent&quot;:true,&quot;url&quot;:&quot;https:\\\/\\\/vimeo.com\\\/1157315753&quot;,&quot;width&quot;:&quot;none&quot;}\"><\/div>","protected":false},"excerpt":{"rendered":"<p><img decoding=\"async\" loading=\"lazy\" class=\"alignnone size-medium wp-image-237443\" src=\"https:\/\/www.rctvinternational.com\/wp-content\/uploads\/2026\/03\/New-Show-Federrico-226x300.png\" alt=\"\" width=\"226\" height=\"300\" \/><\/p>\n<p><img decoding=\"async\" loading=\"lazy\" class=\"alignnone size-full wp-image-232350\" src=\"https:\/\/www.rctvinternational.com\/wp-content\/uploads\/2020\/10\/Sinopsis.png\" alt=\"\" width=\"125\" height=\"57\" \/><\/p>\n<p><span style=\"font-weight: 400;\">En el coraz\u00f3n de un barrio un peque\u00f1o ni\u00f1o lleno de picard\u00eda, vestido con traje de marinero, convierte cada d\u00eda en una travesura inolvidable. Es Federrico <\/span><b>(Carlos Villagr\u00e1n<\/b><span style=\"font-weight: 400;\">), m\u00e1s so\u00f1ador y m\u00e1s inquieto que nunca.<\/span><\/p>\n<p><span style=\"font-weight: 400;\">Esta vez, el mundo gira un poco distinto. La vecindad ya no es la misma y algunas presencias han quedado en el recuerdo, pero Federrico no se detiene. Ahora la historia se concentra en \u00e9l, en su manera \u00fanica de mirar la escuela como si fuera un reino por conquistar y el barrio como un territorio lleno de misterios cotidianos.\u00a0<\/span><\/p>\n<p><span style=\"font-weight: 400;\">En el sal\u00f3n de clases, Federrico intenta impresionar a sus amigos con ideas descabelladas que casi siempre terminan en caos. En la calle, inventa negocios que duran menos que un recreo y promesas que lo meten en l\u00edos inesperados. Sin la antigua din\u00e1mica que marcaba su entorno, ahora debe sostener la risa con su sola imaginaci\u00f3n, su expresividad desbordada y el atrevimiento que lo caracteriza.<\/span><\/p>\n<p><img decoding=\"async\" loading=\"lazy\" class=\"alignnone size-full wp-image-231431\" src=\"https:\/\/www.rctvinternational.com\/wp-content\/uploads\/2020\/04\/deberias-saber-que.jpg\" alt=\"\" width=\"265\" height=\"39\" \/><\/p>\n<p><b>\u2018El Nuevo Show de Federrico<\/b><span style=\"font-weight: 400;\">\u2019 surge como spin off de \u2018<\/span><b>Federrico\u2019<\/b><span style=\"font-weight: 400;\"> y consolida a <\/span><b>Carlos Villagr\u00e1n <\/b><span style=\"font-weight: 400;\">como creador y figura central del proyecto, apostando por sostener el humor desde el carisma individual del personaje tras la salida de figuras clave del elenco original.<\/span><\/p>\n<p>&nbsp;<\/p>","protected":false},"featured_media":237444,"template":"","meta":{"_et_pb_use_builder":"","_et_pb_old_content":"","_et_gb_content_width":""},"product_cat":[25],"product_tag":[],"acf":[],"_links":{"self":[{"href":"http:\/\/3.144.191.25\/en\/wp-json\/wp\/v2\/product\/237442"}],"collection":[{"href":"http:\/\/3.144.191.25\/en\/wp-json\/wp\/v2\/product"}],"about":[{"href":"http:\/\/3.144.191.25\/en\/wp-json\/wp\/v2\/types\/product"}],"wp:featuredmedia":[{"embeddable":true,"href":"http:\/\/3.144.191.25\/en\/wp-json\/wp\/v2\/media\/237444"}],"wp:attachment":[{"href":"http:\/\/3.144.191.25\/en\/wp-json\/wp\/v2\/media?parent=237442"}],"wp:term":[{"taxonomy":"product_cat","embeddable":true,"href":"http:\/\/3.144.191.25\/en\/wp-json\/wp\/v2\/product_cat?post=237442"},{"taxonomy":"product_tag","embeddable":true,"href":"http:\/\/3.144.191.25\/en\/wp-json\/wp\/v2\/product_tag?post=237442"}],"curies":[{"name":"wp","href":"https:\/\/api.w.org\/{rel}","templated":true}]}}